{"id":546,"date":"2022-12-28T19:06:01","date_gmt":"2022-12-28T18:06:01","guid":{"rendered":"https:\/\/etiennelang.com\/?page_id=546"},"modified":"2024-03-08T18:11:53","modified_gmt":"2024-03-08T17:11:53","slug":"covid-long-et-reishi","status":"publish","type":"page","link":"https:\/\/etiennelang.com\/index.php\/covid-long-et-reishi\/","title":{"rendered":"Covid Long et Reishi"},"content":{"rendered":"\n<blockquote class=\"wp-block-quote is-layout-flow wp-block-quote-is-layout-flow\">\n<p><strong><em>S\u00e9rendipit\u00e9 : <\/em><\/strong> anglicisme signifiant \u00ab\u00a0capacit\u00e9, aptitude \u00e0 faire par hasard une d\u00e9couverte inattendue et \u00e0 en saisir l&rsquo;utilit\u00e9 (scientifique, pratique)\u00a0\u00bb<br> Dictionnaire le Robert.<\/p>\n<\/blockquote>\n\n\n\n<h4 class=\"wp-block-heading\">Une nouvelle pathologie, le Covid long,  et une d\u00e9couverte incroyable<\/h4>\n\n\n\n<p>C&rsquo;est la fin de l&rsquo;ann\u00e9e 2020, soit 6 mois apr\u00e8s le premier confinement du au Covid 19, que j&rsquo;ai eu ma premi\u00e8re demande de soin pour un Covid long av\u00e9r\u00e9. <br>J&rsquo;avais d\u00e9j\u00e0 cru d\u00e9celer cette situation chez des patients atteints d&rsquo;un syndrome de fatigue chronique tout \u00e0 fait original et que je n&rsquo;avais jamais observ\u00e9 avant l&rsquo;\u00e9pid\u00e9mie d&rsquo;infections \u00e0 coronavirus. Sur ces patients mes soins en \u00e9nerg\u00e9tique chinoise ne donnaient pas les r\u00e9sultats escompt\u00e9s, et je me sentais dans l&rsquo;impuissance. Mais cette fois une infirmi\u00e8re en arr\u00eat maladie depuis plusieurs mois diagnostiqu\u00e9e en Covid long sur la base d&rsquo;analyse biologiques irr\u00e9futables me demandait de l&rsquo;aide pour ce nouveau syndrome.<br>Il me semblait que je ne devais pas laisser une personne en demande sans espoir de solution, et c&rsquo;est alors que j&rsquo;ai eu l&rsquo;id\u00e9e de lui faire essayer le Reishi.<\/p>\n\n\n\n<h4 class=\"wp-block-heading\">Un coup de chance<\/h4>\n\n\n\n<p>C&rsquo;est une bonne dizaine d&rsquo;ann\u00e9es plus t\u00f4t lors d&rsquo;un s\u00e9minaire de formation compl\u00e9mentaire en \u00c9nerg\u00e9tique Traditionnelle Chinoise que j&rsquo;avais eu la chance de discuter avec un des participant, gyn\u00e9cologue de m\u00e9tier, qui m\u2019avait vant\u00e9 les bienfaits de ce \u00ab\u00a0tr\u00e9sor de la M\u00e9decine Traditionnelle Chinoise\u00a0\u00bb qu&rsquo;est le Reishi (en latin Ganoderma Lucidum) dans le cas d&rsquo;infection \u00e0 papillomavirus (cette infection fait l&rsquo;objet d&rsquo;un d\u00e9pistage syst\u00e9matique chez les femmes car elle est susceptible d&rsquo;accroitre le risque de cancer du col de l&rsquo;ut\u00e9rus)<br>Je m&rsquo;\u00e9tais empress\u00e9 de me former aux bases de la mycoth\u00e9rapie aupr\u00e8s du  Docteur Bruno Donatini, le chercheur le plus pointu dans ce domaine \u00e0 cette \u00e9poque, et j&rsquo; avais pu en recommander son usage \u00e0 plusieurs femmes qui m&rsquo;en avait fait un retour tr\u00e8s positif, puisque g\u00e9n\u00e9ralement en l&rsquo;espace de 6 mois toute trace d&rsquo;infection disparaissait.<br>Il y avait des r\u00e9sultats \u00e9galement concernant la baisse de l&rsquo;activit\u00e9 des virus de l&rsquo;h\u00e9patite, sur la maladie de Lyme (Borr\u00e9liose) , sur les herpes r\u00e9cidivants. <br>Cet immunostimulant montrait une activit\u00e9 sp\u00e9cifique sur des infections chroniques qui, selon la th\u00e9orie, avaient pu s&rsquo;installer du fait de la faible activit\u00e9 de certaines cellules du syst\u00e8me immunitaire chez des patient(e)s pr\u00e9dispos\u00e9s.<\/p>\n\n\n\n<h4 class=\"wp-block-heading\">Un succ\u00e8s inattendu<\/h4>\n\n\n\n<p>Le Covid long semblait frapper un peu au hasard, se pouvait-il qu&rsquo;il soit le fait de personnes \u00e9galement pr\u00e9dispos\u00e9es \u00e0 une infection chronique ? Le Reishi pouvait-il avoir une action sur l&rsquo;infection persistante au coronavirus ?<br>C&rsquo;est avec cette question dans la t\u00eate que j&rsquo;avais propos\u00e9 \u00e0 cette patiente de se procurer du <em>Ganoderma Lucidum<\/em> en pharmacie ou en boutique di\u00e9t\u00e9tique.<br>Le r\u00e9sultat avait \u00e9t\u00e9 clairement positif puisqu&rsquo;elle avait pu reprendre une vie normale en quelques semaines,  j&rsquo;ai donc commenc\u00e9 d\u00e8s le printemps 2021 \u00e0 le conseiller aux nombreux patients qui se tournaient vers moi en d\u00e9sespoir de cause.<br>D&rsquo;autres succ\u00e8s sont arriv\u00e9s, et aussi quelques \u00e9checs qu&rsquo;il me fallait comprendre.<br>Mes recherches sur internet en fran\u00e7ais puis en anglais ne me permettant pas d&rsquo;identifier des articles et publications faisant \u00e9tat d&rsquo;\u00e9tudes cliniques sur l&rsquo;action Reishi dans le Covid long , j&rsquo;ai d\u00e9cid\u00e9 de relater au fur et \u00e0 mesure mes observations sur ce blog afin qu&rsquo;elles soient disponibles pour tous. J&rsquo;ai aujourd&rsquo;hui la joie de constater que cette magnifique ressource de la nature est aujourd&rsquo;hui plus connue.<br>Comment utiliser le Reishi dans le cas du Covid Long ? <br>Quels r\u00e9sultats peut-on en attendre ? Existe-il des contre-indications ?<br>Toutes les r\u00e9ponses se trouvent dans les articles suivants :<\/p>\n\n\n\n<div class=\"wp-block-query is-layout-flow wp-block-query-is-layout-flow\">\n\n<ul class=\"columns-3 wp-block-post-template is-layout-grid wp-container-core-post-template-is-layout-2fc57c17 wp-block-post-template-is-layout-grid\"><li class=\"wp-block-post post-377 post type-post status-publish format-standard hentry category-covid-long-et-reishi category-sante tag-coronavirus tag-covid-long tag-erreur-scientifique tag-medecine-traditionnelle-chinoise tag-reishi tag-sante\">\n<h2 class=\"wp-block-post-title\"><a href=\"https:\/\/etiennelang.com\/index.php\/2021\/11\/26\/le-covid-long-ce-serait-dans-la-tete\/\" target=\"_blank\" >Le covid long, ce serait \u00ab\u00a0dans la t\u00eate\u00a0\u00bb\u00a0?<\/a><\/h2>\n\n<div class=\"wp-block-post-excerpt\"><p class=\"wp-block-post-excerpt__excerpt\">Le covid long, ce serait \u00ab\u00a0dans la t\u00eate\u00a0\u00bb ? On vous dit ou est la grossi\u00e8re erreur qui s\u2019est gliss\u00e9e dans l\u2019\u00e9tude qui abouti \u00e0 cette conclusion totalement \u00e0 l\u2019encontre de qui est observ\u00e9 au quotidien. <\/p><\/div>\n<\/li><li class=\"wp-block-post post-363 post type-post status-publish format-standard hentry category-covid-long-et-reishi category-sante tag-coronavirus tag-covid-long tag-medecine-traditionnelle-chinoise tag-reishi tag-sante\">\n<h2 class=\"wp-block-post-title\"><a href=\"https:\/\/etiennelang.com\/index.php\/2021\/10\/26\/covid-long-et-reishi-la-poignante-demande-des-patients\/\" target=\"_blank\" >Covid long et Reishi\u00a0: la poignante demande des patients.<\/a><\/h2>\n\n<div class=\"wp-block-post-excerpt\"><p class=\"wp-block-post-excerpt__excerpt\">\u00ab\u00a0Mais pourquoi ne m\u2019a-t-on pas dit que je pouvais soigner mon covid long avec le Reishi&nbsp;? Qui va faire savoir aux malades que c\u2019est la chose \u00e0 essayer&nbsp;?\u00a0\u00bb Les personnes qui ont utilis\u00e9 le Reishi avec succ\u00e8s ne se contentent pas du plaisir de se sentir mieux, elle souhaitent partager cette exp\u00e9rience avec g\u00e9n\u00e9rosit\u00e9. Mais\u2026 <\/p><\/div>\n<\/li><li class=\"wp-block-post post-341 post type-post status-publish format-standard hentry category-covid-long-et-reishi category-sante tag-coronavirus tag-covid-long tag-medecine-traditionnelle-chinoise tag-reishi\">\n<h2 class=\"wp-block-post-title\"><a href=\"https:\/\/etiennelang.com\/index.php\/2021\/08\/12\/covid-long-activite-virale-ou-sequelles\/\" target=\"_blank\" >Covid long\u00a0: activit\u00e9 virale ou s\u00e9quelles\u00a0?<\/a><\/h2>\n\n<div class=\"wp-block-post-excerpt\"><p class=\"wp-block-post-excerpt__excerpt\">Depuis que j\u2019ai \u00e9tabli la bonne efficacit\u00e9 sur le covid long du champignon immunostimulant ganoderma lucidum (ou reishi), un certain nombre de personnes l\u2019on essay\u00e9 avec de bons r\u00e9sultats, mais parfois avec des r\u00e9sultats d\u00e9cevants. En cause, la confusion entre ce qui rel\u00e8ve de la persistance de l\u2019infection au coronavirus sensible \u00e0 l\u2019action du ganoderme,\u2026 <\/p><\/div>\n<\/li><li class=\"wp-block-post post-318 post type-post status-publish format-standard hentry category-covid-long-et-reishi category-sante tag-covid tag-covid-long tag-ganoderme tag-lin-zhi tag-reishi\">\n<h2 class=\"wp-block-post-title\"><a href=\"https:\/\/etiennelang.com\/index.php\/2021\/05\/29\/covid-long-et-ganoderme-etude-clinique\/\" target=\"_blank\" >Covid Long et Ganoderme, \u00e9tude clinique<\/a><\/h2>\n\n<div class=\"wp-block-post-excerpt\"><p class=\"wp-block-post-excerpt__excerpt\">Covid long et ganoderme&nbsp;: \u00e9tude clinique. Cette \u00e9tude de cas porte sur 7 personnes \u00e2g\u00e9es de 40 \u00e0 57 ans.Ces personnes ont trait\u00e9 par le ganoderme une forme longue d\u2019infection au coronavirus (SARS Cov2) , av\u00e9r\u00e9e par les examens biologiques ou d\u00e9duite de crit\u00e8res cliniques .Le champignon ganoderme (ganoderma lucidum), est aussi appel\u00e9 Ling Zhi\u2026 <\/p><\/div>\n<\/li><li class=\"wp-block-post post-299 post type-post status-publish format-standard hentry category-covid-long-et-reishi category-sante tag-coronavirus tag-covid-long tag-sante\">\n<h2 class=\"wp-block-post-title\"><a href=\"https:\/\/etiennelang.com\/index.php\/2021\/04\/10\/fatigue-feriez-vous-un-covid-long\/\" target=\"_blank\" >Fatigu\u00e9 ? Feriez-vous un covid long ?<\/a><\/h2>\n\n<div class=\"wp-block-post-excerpt\"><p class=\"wp-block-post-excerpt__excerpt\">Sous-diagnostic et d\u00e9ni de l&rsquo;infection chronique \u00e0 coronavirus On peut \u00eatre atteint du covid long sans le savoir.On peut aussi penser \u00eatre gu\u00e9ri du covid sans l\u2019\u00eatre vraiment.Il existe toutes sortes de mauvaises raisons pour justifier cet \u00e9tat de fatigue et passer \u00e0 cot\u00e9 du diagnostic&nbsp;, pourtant essentiel pour entrevoir la gu\u00e9rison.Que vous ayez eu\u2026 <\/p><\/div>\n<\/li><li class=\"wp-block-post post-225 post type-post status-publish format-standard hentry category-covid-long-et-reishi category-sante tag-coronavirus tag-covid-long tag-medecine-traditionnelle-chinoise tag-reishi tag-sante\">\n<h2 class=\"wp-block-post-title\"><a href=\"https:\/\/etiennelang.com\/index.php\/2021\/03\/19\/covid-long-en-sortir-avec-le-reishi\/\" target=\"_blank\" >Covid long : en sortir avec le Reishi ?<\/a><\/h2>\n\n<div class=\"wp-block-post-excerpt\"><p class=\"wp-block-post-excerpt__excerpt\">Fatigue intense, troubles cardio-respiratoires, insomnie, perte de moral, entrecoup\u00e9s de courts moments de r\u00e9pit, font partie des signes de l\u2019infection persistante au coronavirus. Cette situation invalidante peut durer des mois. Le Reishi, un champignon adaptog\u00e8ne de la pharmacop\u00e9e chinoise et japonaise pourrait changer la donne.Nous montrons ici deux exemples de son utilisation. Reconna\u00eetre le covid\u2026 <\/p><\/div>\n<\/li><\/ul>\n\n<\/div>\n\n\n\n<div class=\"wp-block-query is-layout-flow wp-block-query-is-layout-flow\"><nav class=\"wp-block-query-pagination is-layout-flex wp-block-query-pagination-is-layout-flex\" aria-label=\"Pagination\">\n\n\n<div class=\"wp-block-query-pagination-numbers\"><span aria-current=\"page\" class=\"page-numbers current\">1<\/span>\n<a class=\"page-numbers\" href=\"?query-15-page=2\">2<\/a><\/div>\n\n<a href=\"\/index.php\/wp-json\/wp\/v2\/pages\/546?query-15-page=2\" class=\"wp-block-query-pagination-next\">Page suivante<\/a>\n<\/nav>\n\n<\/div>\n\n\n<ul class=\"wp-block-page-list\"><li class=\"wp-block-pages-list__item\"><a class=\"wp-block-pages-list__item__link\" href=\"https:\/\/etiennelang.com\/index.php\/a-propos-etienne-lang\/\">A propos<\/a><\/li><li class=\"wp-block-pages-list__item menu-item-home\"><a class=\"wp-block-pages-list__item__link\" href=\"https:\/\/etiennelang.com\/\">Accueil<\/a><\/li><li class=\"wp-block-pages-list__item\"><a class=\"wp-block-pages-list__item__link\" href=\"https:\/\/etiennelang.com\/index.php\/blog\/\">Blog<\/a><\/li><li class=\"wp-block-pages-list__item\"><a class=\"wp-block-pages-list__item__link\" href=\"https:\/\/etiennelang.com\/index.php\/consult\/\">Consultation<\/a><\/li><li class=\"wp-block-pages-list__item\"><a class=\"wp-block-pages-list__item__link\" href=\"https:\/\/etiennelang.com\/index.php\/contact\/\">Contact<\/a><\/li><li class=\"wp-block-pages-list__item\"><a class=\"wp-block-pages-list__item__link\" href=\"https:\/\/etiennelang.com\/index.php\/covid-long-et-reishi\/\">Covid Long et Reishi<\/a><\/li><li class=\"wp-block-pages-list__item\"><a class=\"wp-block-pages-list__item__link\" href=\"https:\/\/etiennelang.com\/index.php\/lateralite\/\">Lat\u00e9ralit\u00e9<\/a><\/li><li class=\"wp-block-pages-list__item\"><a class=\"wp-block-pages-list__item__link\" href=\"https:\/\/etiennelang.com\/index.php\/les-conferences-ateliers-du-mieux-vivre\/\">Les conf\u00e9rences\/ateliers du mieux vivre<\/a><\/li><li class=\"wp-block-pages-list__item\"><a class=\"wp-block-pages-list__item__link\" href=\"https:\/\/etiennelang.com\/index.php\/liens-utiles\/\">Liens utiles<\/a><\/li><li class=\"wp-block-pages-list__item\"><a class=\"wp-block-pages-list__item__link\" href=\"https:\/\/etiennelang.com\/index.php\/articles-dans-le-mtcmag-de-la-fnmtc\/\">MTCmag<\/a><\/li><li class=\"wp-block-pages-list__item\"><a class=\"wp-block-pages-list__item__link\" href=\"https:\/\/etiennelang.com\/index.php\/reseaux-sociaux\/\">R\u00e9seaux sociaux<\/a><\/li><li class=\"wp-block-pages-list__item\"><a class=\"wp-block-pages-list__item__link\" href=\"https:\/\/etiennelang.com\/index.php\/retrouvez-moi-sur-les-reseaux-sociaux\/\">Retrouvez moi sur les r\u00e9seaux sociaux<\/a><\/li><li class=\"wp-block-pages-list__item\"><a class=\"wp-block-pages-list__item__link\" href=\"https:\/\/etiennelang.com\/index.php\/suivez-moi\/\">Suivez moi<\/a><\/li><li class=\"wp-block-pages-list__item\"><a class=\"wp-block-pages-list__item__link\" href=\"https:\/\/etiennelang.com\/index.php\/articles\/\">Tous les articles<\/a><\/li><\/ul>","protected":false},"excerpt":{"rendered":"<p>S\u00e9rendipit\u00e9 : anglicisme signifiant \u00ab\u00a0capacit\u00e9, aptitude \u00e0 faire par hasard une d\u00e9couverte inattendue et \u00e0 en saisir l&rsquo;utilit\u00e9 (scientifique, pratique)\u00a0\u00bb Dictionnaire le Robert. Une nouvelle pathologie, le Covid long, et une d\u00e9couverte incroyable C&rsquo;est la fin de l&rsquo;ann\u00e9e 2020, soit 6 mois apr\u00e8s le premier confinement du au Covid 19, que j&rsquo;ai eu ma premi\u00e8re [&hellip;]<\/p>\n","protected":false},"author":1,"featured_media":0,"parent":0,"menu_order":0,"comment_status":"closed","ping_status":"closed","template":"","meta":{"_monsterinsights_skip_tracking":false,"_monsterinsights_sitenote_active":false,"_monsterinsights_sitenote_note":"","_monsterinsights_sitenote_category":0,"footnotes":""},"class_list":["post-546","page","type-page","status-publish","hentry","post"],"aioseo_notices":[],"jetpack-related-posts":[{"id":436,"url":"https:\/\/etiennelang.com\/index.php\/a-propos-etienne-lang\/","url_meta":{"origin":546,"position":0},"title":"A propos","author":"etiennelang","date":"28 juillet 2022","format":false,"excerpt":"Mentions l\u00e9gales Etienne Lang25 Rue Cabri\u00e9 05600 Mont-DauphinSiret : 408\u00a0 078 939 00027\u00a0N\u00b0adh\u00e9rent FNMTC : 9906LAPR195\u00ab\u00a0Membre d\u2019une Association Agr\u00e9\u00e9e par l\u2019Administration Fiscale, acceptant \u00e0 ce titre le r\u00e8glement des honoraires par ch\u00e8ques libell\u00e9s \u00e0 son nom\u00a0\u00bbActivit\u00e9 sous le Code NAF\/APE 86.90F (Activit\u00e9s de sant\u00e9 humaine non class\u00e9es ailleurs) Ma formation\u2026","rel":"","context":"Article similaire","block_context":{"text":"Article similaire","link":""},"img":{"alt_text":"","src":"https:\/\/i0.wp.com\/etiennelang.com\/wp-content\/uploads\/2023\/09\/Etienne-portrait-souriant-200.300.jpg?resize=350%2C200&ssl=1","width":350,"height":200},"classes":[]},{"id":510,"url":"https:\/\/etiennelang.com\/","url_meta":{"origin":546,"position":1},"title":"Accueil","author":"etiennelang","date":"3 d\u00e9cembre 2022","format":false,"excerpt":"Actualit\u00e9 Je suis heureux de vous annoncer une bonne nouvelle !Mon \u00e9tat de sant\u00e9 s'\u00e9tant am\u00e9lior\u00e9, je compte reprendre mon activit\u00e9 \u00e0 temps partiel \u00e0 partir de cet \u00e9t\u00e9.Les prises de rendez-vous devraient \u00eatre possibles \u00e0 partir de la mi-juin pour une reprise d\u00e9but juillet.Je tiens \u00e0 renouveler tous mes\u2026","rel":"","context":"Article similaire","block_context":{"text":"Article similaire","link":""},"img":{"alt_text":"","src":"","width":0,"height":0},"classes":[]},{"id":495,"url":"https:\/\/etiennelang.com\/index.php\/articles-dans-le-mtcmag-de-la-fnmtc\/","url_meta":{"origin":546,"position":2},"title":"MTCmag","author":"etiennelang","date":"28 juillet 2022","format":false,"excerpt":"Je publie r\u00e9guli\u00e8rement dans le MTCmag, la revue trimestrielle de la F\u00e9d\u00e9ration Nationale de M\u00e9decine Traditionnelle Chinoise que vous pourrez consulter sur Calam\u00e9o en cliquant sur le bouton MTCMag ou en acc\u00e9dant directement au th\u00e8me d\u00e9sir\u00e9 en cliquant sur ces liens : L'interstitium \"et si c\u2019\u00e9tait la Rate ?\" MTCMag\u2026","rel":"","context":"Article similaire","block_context":{"text":"Article similaire","link":""},"img":{"alt_text":"","src":"","width":0,"height":0},"classes":[]},{"id":527,"url":"https:\/\/etiennelang.com\/index.php\/consult\/","url_meta":{"origin":546,"position":3},"title":"Consultation","author":"etiennelang","date":"3 d\u00e9cembre 2022","format":false,"excerpt":"L\u2019\u00c9nerg\u00e9tique Traditionnelle Chinoise \u00e0 Mont-Dauphin Fort Dipl\u00f4m\u00e9 du coll\u00e8ge SFERE et titulaire du DATC en 2001, c\u2019est en 2006 que j\u2019ai eu la chance de pouvoir installer mon cabinet en ce lieu magnifique, calme et inspirant qu\u2019est la citadelle de Mont-Dauphin. Un vrai lieu de ressourcement et de nature pourtant\u2026","rel":"","context":"Article similaire","block_context":{"text":"Article similaire","link":""},"img":{"alt_text":"Plaque cabinet","src":"https:\/\/i0.wp.com\/etiennelang.com\/wp-content\/uploads\/2021\/01\/plaque-cabinet.jpg?resize=350%2C200&ssl=1","width":350,"height":200},"classes":[]},{"id":447,"url":"https:\/\/etiennelang.com\/index.php\/contact\/","url_meta":{"origin":546,"position":4},"title":"Contact","author":"etiennelang","date":"8 janvier 2021","format":false,"excerpt":"Cabinet d\u2019\u00c9nerg\u00e9tique Traditionnelle Chinoise 25 Rue Cabri\u00e9 05600 Mont-Dauphin Attention: \u00e0 partir de la mi-juin et jusqu'au mois de septembre les deux rues principales sont en zone pi\u00e9tonnes, mais vous pouvez vous garer sur le parking de l'Arsenal au bout de ma rue, \u00e0 50 m\u00e8tres du cabinet.En hiver la\u2026","rel":"","context":"Article similaire","block_context":{"text":"Article similaire","link":""},"img":{"alt_text":"","src":"","width":0,"height":0},"classes":[]},{"id":684,"url":"https:\/\/etiennelang.com\/index.php\/les-conferences-ateliers-du-mieux-vivre\/","url_meta":{"origin":546,"position":5},"title":"Les conf\u00e9rences\/ateliers du mieux vivre","author":"etiennelang","date":"4 ao\u00fbt 2023","format":false,"excerpt":"J\u2019ai l\u2019habitude de donner des conf\u00e9rences sur tous les sujets qui me passionnent et sur lesquels j\u2019estime pouvoir transmettre un savoir pratique. En voici un aper\u00e7u... La Gestion des \u00c9motions par les 5 \u00e9l\u00e9ments de la MTC G\u00e9rer honorablement tout les conflits Nous abordons ici la technique de la \u00ab\u00a0lettre\u2026","rel":"","context":"Article similaire","block_context":{"text":"Article similaire","link":""},"img":{"alt_text":"","src":"https:\/\/i0.wp.com\/etiennelang.com\/wp-content\/uploads\/2023\/08\/pexels-dmitriy-tarasenko-17549582-1.jpg?resize=350%2C200&ssl=1","width":350,"height":200},"classes":[]}],"jetpack_sharing_enabled":true,"jetpack_likes_enabled":true,"_links":{"self":[{"href":"https:\/\/etiennelang.com\/index.php\/wp-json\/wp\/v2\/pages\/546","targetHints":{"allow":["GET"]}}],"collection":[{"href":"https:\/\/etiennelang.com\/index.php\/wp-json\/wp\/v2\/pages"}],"about":[{"href":"https:\/\/etiennelang.com\/index.php\/wp-json\/wp\/v2\/types\/page"}],"author":[{"embeddable":true,"href":"https:\/\/etiennelang.com\/index.php\/wp-json\/wp\/v2\/users\/1"}],"replies":[{"embeddable":true,"href":"https:\/\/etiennelang.com\/index.php\/wp-json\/wp\/v2\/comments?post=546"}],"version-history":[{"count":19,"href":"https:\/\/etiennelang.com\/index.php\/wp-json\/wp\/v2\/pages\/546\/revisions"}],"predecessor-version":[{"id":1036,"href":"https:\/\/etiennelang.com\/index.php\/wp-json\/wp\/v2\/pages\/546\/revisions\/1036"}],"wp:attachment":[{"href":"https:\/\/etiennelang.com\/index.php\/wp-json\/wp\/v2\/media?parent=546"}],"curies":[{"name":"wp","href":"https:\/\/api.w.org\/{rel}","templated":true}]}}