{"id":527,"date":"2022-12-03T22:17:54","date_gmt":"2022-12-03T21:17:54","guid":{"rendered":"https:\/\/etiennelang.com\/?page_id=527"},"modified":"2026-03-04T14:40:50","modified_gmt":"2026-03-04T13:40:50","slug":"consult","status":"publish","type":"page","link":"https:\/\/etiennelang.com\/index.php\/consult\/","title":{"rendered":"Consultation"},"content":{"rendered":"\n<h2 class=\"wp-block-heading\">L\u2019\u00c9nerg\u00e9tique Traditionnelle Chinoise \u00e0 Mont-Dauphin Fort<\/h2>\n\n\n<div class=\"wp-block-image\">\n<figure class=\"alignleft size-full is-resized\"><img data-recalc-dims=\"1\" loading=\"lazy\" decoding=\"async\" width=\"320\" height=\"240\" src=\"https:\/\/i0.wp.com\/etiennelang.com\/wp-content\/uploads\/2021\/01\/plaque-cabinet.jpg?resize=320%2C240&#038;ssl=1\" alt=\"Plaque cabinet\" class=\"wp-image-68\" style=\"width:268px;height:201px\" srcset=\"https:\/\/i0.wp.com\/etiennelang.com\/wp-content\/uploads\/2021\/01\/plaque-cabinet.jpg?w=320&amp;ssl=1 320w, https:\/\/i0.wp.com\/etiennelang.com\/wp-content\/uploads\/2021\/01\/plaque-cabinet.jpg?resize=300%2C225&amp;ssl=1 300w\" sizes=\"auto, (max-width: 320px) 100vw, 320px\" \/><\/figure>\n<\/div>\n\n\n<p>Dipl\u00f4m\u00e9 du coll\u00e8ge SFERE et titulaire du DATC en 2001, c\u2019est en 2006 que j\u2019ai eu la chance de pouvoir installer mon cabinet en ce lieu magnifique, calme et inspirant qu\u2019est la citadelle de Mont-Dauphin. <br>Un vrai lieu de ressourcement et de nature pourtant situ\u00e9 \u00e0 quelques minutes seulement de la route nationale, de la gare SNCF, et de la base de loisir du plan d\u2019eau d\u2019Eygliers. <br>Si vous me rendez visite, profitez-en pour visiter la citadelle (visites guid\u00e9es du site class\u00e9 UNESCO possible) et admirer la vue depuis les remparts. Et n\u2019oubliez pas de rendre visite aux nombreux artisans locaux. <br>Pour vous rendre au Cabinet d\u2019\u00c9nerg\u00e9tique n\u2019h\u00e9sitez pas \u00e0 rentrer en voiture dans la citadelle, comme le font les riverains, \u00e0 moins bien sur que vous pr\u00e9f\u00e9riez vous garer au parking touristique et venir \u00e0 pied. Il vous faudra alors un petit quart d\u2019heure. <br>Attention, l\u2019hiver seule la route passant par Eygliers est ouverte.<br>La petite route de Saint Guillaume qui grimpe dans la falaise n\u2019est pas d\u00e9neig\u00e9e ! <br>Et l&rsquo;\u00e9t\u00e9 elle est r\u00e9serv\u00e9e aux secours et aux livraisons. M\u00e9fiez-vous des GPS farceurs qui vous y envoient, ainsi que sur la route Eygliers-Guillestre (dite \u201cdu Simoust\u201d) ferm\u00e9e de novembre \u00e0 avril. Au mois d\u2019Ao\u00fbt vous serez peut-\u00eatre retard\u00e9s par les reconstitutions historiques d\u2019un si\u00e8ge de la place forte. Fermeture des portes quelques minutes \u00e0 certaines heures. Spectacle d\u2019\u00e9poque garanti<\/p>\n\n\n\n<h2 class=\"wp-block-heading\">Objectif de la consultation<\/h2>\n\n\n\n<p>Le cabinet offre une consultation bas\u00e9e principalement sur l\u2019Energ\u00e9tique Traditionnelle Chinoise, qui consiste en un bilan propre \u00e0 la m\u00e9decine Traditionnelle Chinoise (questions, prise de pouls, palpation\u2026) suivi d\u2019un traitement par le toucher de points d\u2019acupuncture sp\u00e9cifiques.<br>Le soin fait souvent appel \u00e0 la Psychosomatique Clinique et Humaniste, qui consiste \u00e0 rechercher dans le v\u00e9cu ou dans l\u2019histoire familiale l\u2019origine possible des sympt\u00f4mes afin de provoquer une lib\u00e9ration \u00e9motionnelle et des prises de conscience salutaires.<br>Un long travail de recherche m&rsquo;a permis de proposer un nouvel outil : le bilan de lat\u00e9ralit\u00e9 permettant d&rsquo;\u00e9clairer les situations de dyslexie et d&rsquo;autres troubles associ\u00e9s, ainsi que d&rsquo;accompagner les profils neuro-atypiques.<br>D\u2019autres techniques peuvent \u00eatre propos\u00e9es au cours du travail.<\/p>\n\n\n\n<h2 class=\"wp-block-heading\">D\u00e9roulement<\/h2>\n\n\n\n<p>Apr\u00e8s un temps de discussion, le travail s\u2019effectue sur la table de soin, install\u00e9 confortablement.<br>Il se d\u00e9roule g\u00e9n\u00e9ralement habill\u00e9 pour autant qu\u2019il s\u2019agisse de v\u00eatements confortables, souples, fins et si possible en mati\u00e8re naturelle.<br>Il se termine par une \u00e9valuation des bienfaits de la s\u00e9ance et d\u2019\u00e9ventuels conseils.<\/p>\n\n\n\n<p>Pour le confort de tous merci d\u2019\u00e9viter l\u2019usage de parfum ou d\u2019eau de toilette.<br>Pensez \u00e0 d\u00e9sactiver votre t\u00e9l\u00e9phone.<\/p>\n\n\n\n<h2 class=\"wp-block-heading\">Bon \u00e0 savoir<\/h2>\n\n\n\n<p><strong>Prise de rendez-vous les lundi matin<\/strong> (sauf instructions contraires) de 9h30 \u00e0 11h45.<br>(Le t\u00e9l\u00e9phone me permet de discuter de la pertinence de mon intervention avant toute prise de rendez-vous)<\/p>\n\n\n\n<p><strong>Avec la fin du r\u00e9seau cuivre il y avais moins d\u2019int\u00e9r\u00eat \u00e0 poss\u00e9der une ligne fixe.<br>Aussi \u00e0 partir du premier septembre 2025 je suis pass\u00e9 sur un t\u00e9l\u00e9phone mobile.<br>Celui-ci me servira \u00e9galement \u00e0 communiquer par texto le cas \u00e9ch\u00e9ant.<\/strong><br><br><strong>Tel . 06 69 16 22 16<\/strong><br><br><strong>Tarif consultation courante : 70 euros<\/strong><br>(dur\u00e9e indicative 50 minutes)<br>NB: certaines mutuelles remboursent une partie des frais de consultation, nous \u00e9tablissons une facture.<\/p>\n\n\n\n<h2 class=\"wp-block-heading\">Avertissement<\/h2>\n\n\n\n<p>La consultation d\u2019un praticien en M\u00e9decine Traditionnelle Chinoise ne saurait remplacer le suivi m\u00e9dical habituel ou en cours, ni se substituer aux traitements en cours. <strong>Seul votre m\u00e9decin peut d\u00e9cider de l\u2019arr\u00eat ou de la modification d\u2019un traitement m\u00e9dical<\/strong>.<\/p>\n","protected":false},"excerpt":{"rendered":"<p>L\u2019\u00c9nerg\u00e9tique Traditionnelle Chinoise \u00e0 Mont-Dauphin Fort Dipl\u00f4m\u00e9 du coll\u00e8ge SFERE et titulaire du DATC en 2001, c\u2019est en 2006 que j\u2019ai eu la chance de pouvoir installer mon cabinet en ce lieu magnifique, calme et inspirant qu\u2019est la citadelle de Mont-Dauphin. Un vrai lieu de ressourcement et de nature pourtant situ\u00e9 \u00e0 quelques minutes seulement [&hellip;]<\/p>\n","protected":false},"author":1,"featured_media":0,"parent":0,"menu_order":0,"comment_status":"closed","ping_status":"closed","template":"","meta":{"_monsterinsights_skip_tracking":false,"_monsterinsights_sitenote_active":false,"_monsterinsights_sitenote_note":"","_monsterinsights_sitenote_category":0,"footnotes":""},"class_list":["post-527","page","type-page","status-publish","hentry","post"],"aioseo_notices":[],"jetpack-related-posts":[{"id":510,"url":"https:\/\/etiennelang.com\/","url_meta":{"origin":527,"position":0},"title":"Accueil","author":"etiennelang","date":"3 d\u00e9cembre 2022","format":false,"excerpt":"Actualit\u00e9 Je suis heureux de vous annoncer une bonne nouvelle !Mon \u00e9tat de sant\u00e9 s'\u00e9tant am\u00e9lior\u00e9, je compte reprendre mon activit\u00e9 \u00e0 temps partiel \u00e0 partir de cet \u00e9t\u00e9.Les prises de rendez-vous devraient \u00eatre possibles \u00e0 partir de la mi-juin pour une reprise d\u00e9but juillet.Je tiens \u00e0 renouveler tous mes\u2026","rel":"","context":"Article similaire","block_context":{"text":"Article similaire","link":""},"img":{"alt_text":"","src":"","width":0,"height":0},"classes":[]},{"id":447,"url":"https:\/\/etiennelang.com\/index.php\/contact\/","url_meta":{"origin":527,"position":1},"title":"Contact","author":"etiennelang","date":"8 janvier 2021","format":false,"excerpt":"Cabinet d\u2019\u00c9nerg\u00e9tique Traditionnelle Chinoise 25 Rue Cabri\u00e9 05600 Mont-Dauphin Attention: \u00e0 partir de la mi-juin et jusqu'au mois de septembre les deux rues principales sont en zone pi\u00e9tonnes, mais vous pouvez vous garer sur le parking de l'Arsenal au bout de ma rue, \u00e0 50 m\u00e8tres du cabinet.En hiver la\u2026","rel":"","context":"Article similaire","block_context":{"text":"Article similaire","link":""},"img":{"alt_text":"","src":"","width":0,"height":0},"classes":[]},{"id":436,"url":"https:\/\/etiennelang.com\/index.php\/a-propos-etienne-lang\/","url_meta":{"origin":527,"position":2},"title":"A propos","author":"etiennelang","date":"28 juillet 2022","format":false,"excerpt":"Mentions l\u00e9gales Etienne Lang25 Rue Cabri\u00e9 05600 Mont-DauphinSiret : 408\u00a0 078 939 00027\u00a0N\u00b0adh\u00e9rent FNMTC : 9906LAPR195\u00ab\u00a0Membre d\u2019une Association Agr\u00e9\u00e9e par l\u2019Administration Fiscale, acceptant \u00e0 ce titre le r\u00e8glement des honoraires par ch\u00e8ques libell\u00e9s \u00e0 son nom\u00a0\u00bbActivit\u00e9 sous le Code NAF\/APE 86.90F (Activit\u00e9s de sant\u00e9 humaine non class\u00e9es ailleurs) Ma formation\u2026","rel":"","context":"Article similaire","block_context":{"text":"Article similaire","link":""},"img":{"alt_text":"","src":"https:\/\/i0.wp.com\/etiennelang.com\/wp-content\/uploads\/2023\/09\/Etienne-portrait-souriant-200.300.jpg?resize=350%2C200&ssl=1","width":350,"height":200},"classes":[]},{"id":546,"url":"https:\/\/etiennelang.com\/index.php\/covid-long-et-reishi\/","url_meta":{"origin":527,"position":3},"title":"Covid Long et Reishi","author":"etiennelang","date":"28 d\u00e9cembre 2022","format":false,"excerpt":"S\u00e9rendipit\u00e9 : anglicisme signifiant \"capacit\u00e9, aptitude \u00e0 faire par hasard une d\u00e9couverte inattendue et \u00e0 en saisir l'utilit\u00e9 (scientifique, pratique)\" Dictionnaire le Robert. Une nouvelle pathologie, le Covid long, et une d\u00e9couverte incroyable C'est la fin de l'ann\u00e9e 2020, soit 6 mois apr\u00e8s le premier confinement du au Covid 19,\u2026","rel":"","context":"Article similaire","block_context":{"text":"Article similaire","link":""},"img":{"alt_text":"","src":"","width":0,"height":0},"classes":[]},{"id":684,"url":"https:\/\/etiennelang.com\/index.php\/les-conferences-ateliers-du-mieux-vivre\/","url_meta":{"origin":527,"position":4},"title":"Les conf\u00e9rences\/ateliers du mieux vivre","author":"etiennelang","date":"4 ao\u00fbt 2023","format":false,"excerpt":"J\u2019ai l\u2019habitude de donner des conf\u00e9rences sur tous les sujets qui me passionnent et sur lesquels j\u2019estime pouvoir transmettre un savoir pratique. En voici un aper\u00e7u... La Gestion des \u00c9motions par les 5 \u00e9l\u00e9ments de la MTC G\u00e9rer honorablement tout les conflits Nous abordons ici la technique de la \u00ab\u00a0lettre\u2026","rel":"","context":"Article similaire","block_context":{"text":"Article similaire","link":""},"img":{"alt_text":"","src":"https:\/\/i0.wp.com\/etiennelang.com\/wp-content\/uploads\/2023\/08\/pexels-dmitriy-tarasenko-17549582-1.jpg?resize=350%2C200&ssl=1","width":350,"height":200},"classes":[]},{"id":185,"url":"https:\/\/etiennelang.com\/index.php\/liens-utiles\/","url_meta":{"origin":527,"position":5},"title":"Liens utiles","author":"etiennelang","date":"16 janvier 2021","format":false,"excerpt":"Energ\u00e9tique et M\u00e9decine Traditionnelle Chinoise : Soci\u00e9t\u00e9 Fran\u00e7aise d'Etude et de recherche en Energ\u00e9tique Coll\u00e8ge SFERE - \u00c9nerg\u00e9tique Traditionnelle Chinoise (sferemtc.fr) F\u00e9d\u00e9ration Nationale de M\u00e9decine Traditionnelle Chinoise https:\/\/www.fnmtc.fr Conf\u00e9d\u00e9ration Fran\u00e7aise de M\u00e9decine Traditionnelle Chinoise CFMTC - Conf\u00e9d\u00e9ration Fran\u00e7aise de M\u00e9decine Traditionnelle Chinoise European Traditional Chinese Medecine Association etcma.org Chen Men\u2026","rel":"","context":"Article similaire","block_context":{"text":"Article similaire","link":""},"img":{"alt_text":"","src":"","width":0,"height":0},"classes":[]}],"jetpack_sharing_enabled":true,"jetpack_likes_enabled":true,"_links":{"self":[{"href":"https:\/\/etiennelang.com\/index.php\/wp-json\/wp\/v2\/pages\/527","targetHints":{"allow":["GET"]}}],"collection":[{"href":"https:\/\/etiennelang.com\/index.php\/wp-json\/wp\/v2\/pages"}],"about":[{"href":"https:\/\/etiennelang.com\/index.php\/wp-json\/wp\/v2\/types\/page"}],"author":[{"embeddable":true,"href":"https:\/\/etiennelang.com\/index.php\/wp-json\/wp\/v2\/users\/1"}],"replies":[{"embeddable":true,"href":"https:\/\/etiennelang.com\/index.php\/wp-json\/wp\/v2\/comments?post=527"}],"version-history":[{"count":13,"href":"https:\/\/etiennelang.com\/index.php\/wp-json\/wp\/v2\/pages\/527\/revisions"}],"predecessor-version":[{"id":1197,"href":"https:\/\/etiennelang.com\/index.php\/wp-json\/wp\/v2\/pages\/527\/revisions\/1197"}],"wp:attachment":[{"href":"https:\/\/etiennelang.com\/index.php\/wp-json\/wp\/v2\/media?parent=527"}],"curies":[{"name":"wp","href":"https:\/\/api.w.org\/{rel}","templated":true}]}}