{"id":510,"date":"2022-12-03T22:08:43","date_gmt":"2022-12-03T21:08:43","guid":{"rendered":"https:\/\/etiennelang.com\/?page_id=510"},"modified":"2026-05-05T11:18:58","modified_gmt":"2026-05-05T09:18:58","slug":"accueil","status":"publish","type":"page","link":"https:\/\/etiennelang.com\/","title":{"rendered":"Accueil"},"content":{"rendered":"\n<h5 class=\"wp-block-heading is-style-bam-widget-title has-luminous-vivid-orange-color has-text-color has-background has-link-color has-medium-font-size wp-elements-f311175f399a33cc11ee1b177b2d2bb9\" style=\"background:linear-gradient(130deg,rgb(238,238,238) 0%,rgb(169,184,195) 100%)\">Actualit\u00e9<\/h5>\n\n\n\n<h4 class=\"wp-block-heading\">Je suis heureux de vous annoncer une bonne nouvelle !<br>Mon \u00e9tat de sant\u00e9 s&rsquo;\u00e9tant am\u00e9lior\u00e9, je compte <strong>reprendre mon activit\u00e9<\/strong> \u00e0 temps partiel \u00e0 partir de cet \u00e9t\u00e9.<br>Les prises de rendez-vous devraient \u00eatre possibles \u00e0 partir de la mi-juin pour une reprise d\u00e9but juillet.<br>Je tiens \u00e0 renouveler tous mes remerciements aux nombreuses personnes qui m&rsquo;ont t\u00e9moign\u00e9 de leur amiti\u00e9 et de leur soutien pendant cette p\u00e9riode difficile. <br>Et je vous dis donc \u00e0 bient\u00f4t.<br><em>Etienne Lang<\/em><br><\/h4>\n\n\n\n<h5 class=\"wp-block-heading has-text-align-center\"><em>Attention : changement de num\u00e9ro de t\u00e9l\u00e9phone.<br>Avec la fin du r\u00e9seau cuivre la ligne fixe n&rsquo;avait plus le m\u00eame int\u00e9r\u00eat.<br>D\u00e9sormais la ligne fixe 04 92 45 35 10 n&rsquo;est plus active<br><strong>Depuis le premier septembre 2025 il faut composer le<\/strong> <strong>06 69 16 22 16<\/strong><br>Plus d&rsquo;infos :<br><a href=\"https:\/\/etiennelang.com\/index.php\/contact\/\" title=\"contact\">https:\/\/etiennelang.com\/index.php\/contact\/<\/a><\/em><\/h5>\n\n\n\n<h5 class=\"wp-block-heading has-text-align-center is-style-default has-medium-font-size\">Veuillez penser qu&rsquo;en hiver la \u00ab\u00a0route des rampes\u00a0\u00bb, ou \u00ab\u00a0route de la falaise\u00a0\u00bb est ferm\u00e9e.<br>Acc\u00e8s \u00e0 Mont-Dauphin uniquement par la route principale.<br>Pour plus de pr\u00e9cision sur l&rsquo;accessibilit\u00e9 et le parking voir sur la page <a href=\"https:\/\/etiennelang.com\/index.php\/consult\/\" target=\"_blank\" rel=\"noopener\" title=\"\">\u00ab\u00a0consultation\u00a0\u00bb<\/a><\/h5>\n\n\n\n<p><\/p>\n\n\n\n<h4 class=\"wp-block-heading has-text-align-left is-style-bam-widget-title has-luminous-vivid-orange-color has-very-light-gray-to-cyan-bluish-gray-gradient-background has-text-color has-background has-link-color has-medium-font-size wp-elements-cfb00ea9800d04a94f1b6871a5192a50\">Le Cabinet<\/h4>\n\n\n\n<p><strong>Le cabinet d\u2019\u00c9nerg\u00e9tique Traditionnelle Chinoise<\/strong> vous accueille au 25 rue Cabri\u00e9 dans la place forte de Mont-Dauphin. <br>Toutes les informations ici :<\/p>\n\n\n\n<div class=\"wp-block-columns is-layout-flex wp-container-core-columns-is-layout-9d6595d7 wp-block-columns-is-layout-flex\">\n<div class=\"wp-block-column is-layout-flow wp-block-column-is-layout-flow\" style=\"flex-basis:100%\">\n<div class=\"wp-block-buttons has-custom-font-size has-medium-font-size is-content-justification-center is-layout-flex wp-container-core-buttons-is-layout-16018d1d wp-block-buttons-is-layout-flex\">\n<div class=\"wp-block-button has-custom-width wp-block-button__width-25 is-style-fill\"><a class=\"wp-block-button__link has-luminous-vivid-orange-color has-cyan-bluish-gray-background-color has-text-color has-background has-link-color has-small-font-size has-text-align-center has-custom-font-size wp-element-button\" href=\"https:\/\/etiennelang.com\/index.php\/consult\/\" style=\"border-top-left-radius:90px;border-top-right-radius:90px;border-bottom-left-radius:90px;border-bottom-right-radius:90px\" target=\"_blank\" rel=\"noreferrer noopener\">Consultation<\/a><\/div>\n\n\n\n<div class=\"wp-block-button has-custom-width wp-block-button__width-25 is-style-fill\"><a class=\"wp-block-button__link has-luminous-vivid-orange-color has-cyan-bluish-gray-background-color has-text-color has-background has-link-color has-small-font-size has-custom-font-size wp-element-button\" href=\"https:\/\/etiennelang.com\/index.php\/contact\/\" target=\"_blank\" rel=\"noreferrer noopener\">Contact<\/a><\/div>\n<\/div>\n<\/div>\n<\/div>\n\n\n\n<h3 class=\"wp-block-heading is-style-bam-widget-title has-luminous-vivid-orange-color has-text-color has-background has-link-color has-medium-font-size wp-elements-8378f0e5e303a60d19b26638a815568f\" style=\"background:linear-gradient(128deg,rgb(238,238,238) 0%,rgb(169,184,195) 100%)\">L&rsquo;analyse du sch\u00e9ma de lat\u00e9ralit\u00e9<\/h3>\n\n\n\n<p><strong>Je pr\u00e9sente ici le fruit de ma recherche<\/strong> de ces derni\u00e8res ann\u00e9es et que j&rsquo;ai nomm\u00e9 <strong>l&rsquo;analyse du sch\u00e9ma de lat\u00e9ralit\u00e9.<\/strong><br>C&rsquo;est la m\u00e9thode que j&rsquo;ai mise au point pour \u00e9tudier par de simples tests pourquoi certains enfants ont des troubles des apprentissages ou des facilit\u00e9s d&rsquo;apprentissages (et parfois les deux \u00e0 la fois).<br>Cette m\u00e9thode me permet aussi d&rsquo;\u00e9clairer ce qui se passe au niveau des choix de vie, d&rsquo;\u00e9tudes, de profession et certaines hypersensibilit\u00e9s. Elle me permet enfin d&rsquo;indiquer vers quel professionnels se tourner en cas de probl\u00e8me.<\/p>\n\n\n\n<div class=\"wp-block-buttons has-custom-font-size has-small-font-size is-content-justification-center is-layout-flex wp-container-core-buttons-is-layout-16018d1d wp-block-buttons-is-layout-flex\">\n<div class=\"wp-block-button has-custom-width wp-block-button__width-50 is-style-fill\"><a class=\"wp-block-button__link has-luminous-vivid-orange-color has-cyan-bluish-gray-background-color has-text-color has-background has-link-color has-small-font-size has-custom-font-size wp-element-button\" href=\"https:\/\/schema-de-lateralite.etiennelang.com\/\" target=\"_blank\" rel=\"noreferrer noopener\">En savoir plus sur l&rsquo;analyse du sch\u00e9ma de lat\u00e9ralit\u00e9<\/a><\/div>\n<\/div>\n\n\n\n<h3 class=\"wp-block-heading is-style-bam-widget-title has-luminous-vivid-orange-color has-very-light-gray-to-cyan-bluish-gray-gradient-background has-text-color has-background has-link-color has-medium-font-size wp-elements-d9c3b698691ce0ac22320996ebd34628\">Covid long et Reishi<\/h3>\n\n\n\n<p>Pour la section discutant de l\u2019int\u00e9r\u00eat du <strong>Reishi<\/strong> <em>(Ganoderma Lucidum)<\/em> dans le traitement du <strong>Covid long<\/strong> c&rsquo;est ici :<\/p>\n\n\n\n<div class=\"wp-block-buttons has-custom-font-size has-small-font-size is-content-justification-center is-layout-flex wp-container-core-buttons-is-layout-8057eaf3 wp-block-buttons-is-layout-flex\">\n<div class=\"wp-block-button has-custom-width wp-block-button__width-50\"><a class=\"wp-block-button__link has-luminous-vivid-orange-color has-cyan-bluish-gray-background-color has-text-color has-background has-link-color has-small-font-size has-custom-font-size wp-element-button\" href=\"https:\/\/etiennelang.com\/index.php\/covid-long-et-reishi\/\" style=\"border-radius:28px\" target=\"_blank\" rel=\"noreferrer noopener\">Covid long et Reishi<\/a><\/div>\n<\/div>\n\n\n\n<h3 class=\"wp-block-heading is-style-bam-widget-title has-luminous-vivid-orange-color has-very-light-gray-to-cyan-bluish-gray-gradient-background has-text-color has-background has-link-color has-medium-font-size wp-elements-95b82787e766e1708bbb1fa9470dc604\">Conf\u00e9rences, recherches, articles &#8230;<\/h3>\n\n\n\n<p>Vous trouverez \u00e9galement sur ce site de nombreux articles ayant trait \u00e0 ma pratique en cabinet et \u00e0 mes <strong>recherches<\/strong> et conf\u00e9rences dans les domaines de l&rsquo;\u00e9nerg\u00e9tique, de la psychosomatique, de la gestion des \u00e9motions, de l&rsquo;\u00e9ducation &#8230;<\/p>\n\n\n\n<p><strong>Bonne visite&#8230;<\/strong><\/p>\n\n\n\n<p><\/p>\n\n\n\n<h4 class=\"wp-block-heading is-style-bam-widget-title\">Les articles class\u00e9s par th\u00e8me<\/h4>\n\n\n<ul class=\"wp-block-categories-list alignleft wp-block-categories has-medium-font-size\">\t<li class=\"cat-item cat-item-5\"><a href=\"https:\/\/etiennelang.com\/index.php\/category\/sante\/covid-long-et-reishi\/\">Covid Long et Reishi<\/a>\n<\/li>\n\t<li class=\"cat-item cat-item-10\"><a href=\"https:\/\/etiennelang.com\/index.php\/category\/sante\/energetique-traditionnelle-chinoise\/\">Energ\u00e9tique Traditionnelle Chinoise<\/a>\n<\/li>\n\t<li class=\"cat-item cat-item-11\"><a href=\"https:\/\/etiennelang.com\/index.php\/category\/sante\/medecine-traditionnelle-chinoise\/\">M\u00e9decine Traditionnelle Chinoise<\/a>\n<\/li>\n\t<li class=\"cat-item cat-item-12\"><a href=\"https:\/\/etiennelang.com\/index.php\/category\/sante\/psychosomatique-clinique-et-humaniste\/\">Psychosomatique Clinique et Humaniste<\/a>\n<\/li>\n\t<li class=\"cat-item cat-item-3\"><a href=\"https:\/\/etiennelang.com\/index.php\/category\/sante\/\">Sant\u00e9<\/a>\n<\/li>\n<\/ul>\n\n\n<h5 class=\"wp-block-heading\">Plan du site<\/h5>\n\n\n<ul class=\"wp-block-page-list\"><li class=\"wp-block-pages-list__item\"><a class=\"wp-block-pages-list__item__link\" href=\"https:\/\/etiennelang.com\/index.php\/a-propos-etienne-lang\/\">A propos<\/a><\/li><li class=\"wp-block-pages-list__item menu-item-home\"><a class=\"wp-block-pages-list__item__link\" href=\"https:\/\/etiennelang.com\/\">Accueil<\/a><\/li><li class=\"wp-block-pages-list__item\"><a class=\"wp-block-pages-list__item__link\" href=\"https:\/\/etiennelang.com\/index.php\/blog\/\">Blog<\/a><\/li><li class=\"wp-block-pages-list__item\"><a class=\"wp-block-pages-list__item__link\" href=\"https:\/\/etiennelang.com\/index.php\/consult\/\">Consultation<\/a><\/li><li class=\"wp-block-pages-list__item\"><a class=\"wp-block-pages-list__item__link\" href=\"https:\/\/etiennelang.com\/index.php\/contact\/\">Contact<\/a><\/li><li class=\"wp-block-pages-list__item\"><a class=\"wp-block-pages-list__item__link\" href=\"https:\/\/etiennelang.com\/index.php\/covid-long-et-reishi\/\">Covid Long et Reishi<\/a><\/li><li class=\"wp-block-pages-list__item\"><a class=\"wp-block-pages-list__item__link\" href=\"https:\/\/etiennelang.com\/index.php\/lateralite\/\">Lat\u00e9ralit\u00e9<\/a><\/li><li class=\"wp-block-pages-list__item\"><a class=\"wp-block-pages-list__item__link\" href=\"https:\/\/etiennelang.com\/index.php\/les-conferences-ateliers-du-mieux-vivre\/\">Les conf\u00e9rences\/ateliers du mieux vivre<\/a><\/li><li class=\"wp-block-pages-list__item\"><a class=\"wp-block-pages-list__item__link\" href=\"https:\/\/etiennelang.com\/index.php\/liens-utiles\/\">Liens utiles<\/a><\/li><li class=\"wp-block-pages-list__item\"><a class=\"wp-block-pages-list__item__link\" href=\"https:\/\/etiennelang.com\/index.php\/articles-dans-le-mtcmag-de-la-fnmtc\/\">MTCmag<\/a><\/li><li class=\"wp-block-pages-list__item\"><a class=\"wp-block-pages-list__item__link\" href=\"https:\/\/etiennelang.com\/index.php\/reseaux-sociaux\/\">R\u00e9seaux sociaux<\/a><\/li><li class=\"wp-block-pages-list__item\"><a class=\"wp-block-pages-list__item__link\" href=\"https:\/\/etiennelang.com\/index.php\/retrouvez-moi-sur-les-reseaux-sociaux\/\">Retrouvez moi sur les r\u00e9seaux sociaux<\/a><\/li><li class=\"wp-block-pages-list__item\"><a class=\"wp-block-pages-list__item__link\" href=\"https:\/\/etiennelang.com\/index.php\/suivez-moi\/\">Suivez moi<\/a><\/li><li class=\"wp-block-pages-list__item\"><a class=\"wp-block-pages-list__item__link\" href=\"https:\/\/etiennelang.com\/index.php\/articles\/\">Tous les articles<\/a><\/li><\/ul>\n\n<p>[wp_social_ninja id=\u00a0\u00bb1210&Prime; platform=\u00a0\u00bbfacebook_feed\u00a0\u00bb]<\/p>\n","protected":false},"excerpt":{"rendered":"<p>Actualit\u00e9 Je suis heureux de vous annoncer une bonne nouvelle !Mon \u00e9tat de sant\u00e9 s&rsquo;\u00e9tant am\u00e9lior\u00e9, je compte reprendre mon activit\u00e9 \u00e0 temps partiel \u00e0 partir de cet \u00e9t\u00e9.Les prises de rendez-vous devraient \u00eatre possibles \u00e0 partir de la mi-juin pour une reprise d\u00e9but juillet.Je tiens \u00e0 renouveler tous mes remerciements aux nombreuses personnes qui [&hellip;]<\/p>\n","protected":false},"author":1,"featured_media":0,"parent":0,"menu_order":0,"comment_status":"closed","ping_status":"closed","template":"","meta":{"_monsterinsights_skip_tracking":false,"_monsterinsights_sitenote_active":false,"_monsterinsights_sitenote_note":"","_monsterinsights_sitenote_category":0,"footnotes":""},"class_list":["post-510","page","type-page","status-publish","hentry","post"],"aioseo_notices":[],"jetpack-related-posts":[{"id":447,"url":"https:\/\/etiennelang.com\/index.php\/contact\/","url_meta":{"origin":510,"position":0},"title":"Contact","author":"etiennelang","date":"8 janvier 2021","format":false,"excerpt":"Cabinet d\u2019\u00c9nerg\u00e9tique Traditionnelle Chinoise 25 Rue Cabri\u00e9 05600 Mont-Dauphin Attention: \u00e0 partir de la mi-juin et jusqu'au mois de septembre les deux rues principales sont en zone pi\u00e9tonnes, mais vous pouvez vous garer sur le parking de l'Arsenal au bout de ma rue, \u00e0 50 m\u00e8tres du cabinet.En hiver la\u2026","rel":"","context":"Article similaire","block_context":{"text":"Article similaire","link":""},"img":{"alt_text":"","src":"","width":0,"height":0},"classes":[]},{"id":527,"url":"https:\/\/etiennelang.com\/index.php\/consult\/","url_meta":{"origin":510,"position":1},"title":"Consultation","author":"etiennelang","date":"3 d\u00e9cembre 2022","format":false,"excerpt":"L\u2019\u00c9nerg\u00e9tique Traditionnelle Chinoise \u00e0 Mont-Dauphin Fort Dipl\u00f4m\u00e9 du coll\u00e8ge SFERE et titulaire du DATC en 2001, c\u2019est en 2006 que j\u2019ai eu la chance de pouvoir installer mon cabinet en ce lieu magnifique, calme et inspirant qu\u2019est la citadelle de Mont-Dauphin. Un vrai lieu de ressourcement et de nature pourtant\u2026","rel":"","context":"Article similaire","block_context":{"text":"Article similaire","link":""},"img":{"alt_text":"Plaque cabinet","src":"https:\/\/i0.wp.com\/etiennelang.com\/wp-content\/uploads\/2021\/01\/plaque-cabinet.jpg?resize=350%2C200&ssl=1","width":350,"height":200},"classes":[]},{"id":495,"url":"https:\/\/etiennelang.com\/index.php\/articles-dans-le-mtcmag-de-la-fnmtc\/","url_meta":{"origin":510,"position":2},"title":"MTCmag","author":"etiennelang","date":"28 juillet 2022","format":false,"excerpt":"Je publie r\u00e9guli\u00e8rement dans le MTCmag, la revue trimestrielle de la F\u00e9d\u00e9ration Nationale de M\u00e9decine Traditionnelle Chinoise que vous pourrez consulter sur Calam\u00e9o en cliquant sur le bouton MTCMag ou en acc\u00e9dant directement au th\u00e8me d\u00e9sir\u00e9 en cliquant sur ces liens : L'interstitium \"et si c\u2019\u00e9tait la Rate ?\" MTCMag\u2026","rel":"","context":"Article similaire","block_context":{"text":"Article similaire","link":""},"img":{"alt_text":"","src":"","width":0,"height":0},"classes":[]},{"id":436,"url":"https:\/\/etiennelang.com\/index.php\/a-propos-etienne-lang\/","url_meta":{"origin":510,"position":3},"title":"A propos","author":"etiennelang","date":"28 juillet 2022","format":false,"excerpt":"Mentions l\u00e9gales Etienne Lang25 Rue Cabri\u00e9 05600 Mont-DauphinSiret : 408\u00a0 078 939 00027\u00a0N\u00b0adh\u00e9rent FNMTC : 9906LAPR195\u00ab\u00a0Membre d\u2019une Association Agr\u00e9\u00e9e par l\u2019Administration Fiscale, acceptant \u00e0 ce titre le r\u00e8glement des honoraires par ch\u00e8ques libell\u00e9s \u00e0 son nom\u00a0\u00bbActivit\u00e9 sous le Code NAF\/APE 86.90F (Activit\u00e9s de sant\u00e9 humaine non class\u00e9es ailleurs) Ma formation\u2026","rel":"","context":"Article similaire","block_context":{"text":"Article similaire","link":""},"img":{"alt_text":"","src":"https:\/\/i0.wp.com\/etiennelang.com\/wp-content\/uploads\/2023\/09\/Etienne-portrait-souriant-200.300.jpg?resize=350%2C200&ssl=1","width":350,"height":200},"classes":[]},{"id":684,"url":"https:\/\/etiennelang.com\/index.php\/les-conferences-ateliers-du-mieux-vivre\/","url_meta":{"origin":510,"position":4},"title":"Les conf\u00e9rences\/ateliers du mieux vivre","author":"etiennelang","date":"4 ao\u00fbt 2023","format":false,"excerpt":"J\u2019ai l\u2019habitude de donner des conf\u00e9rences sur tous les sujets qui me passionnent et sur lesquels j\u2019estime pouvoir transmettre un savoir pratique. En voici un aper\u00e7u... La Gestion des \u00c9motions par les 5 \u00e9l\u00e9ments de la MTC G\u00e9rer honorablement tout les conflits Nous abordons ici la technique de la \u00ab\u00a0lettre\u2026","rel":"","context":"Article similaire","block_context":{"text":"Article similaire","link":""},"img":{"alt_text":"","src":"https:\/\/i0.wp.com\/etiennelang.com\/wp-content\/uploads\/2023\/08\/pexels-dmitriy-tarasenko-17549582-1.jpg?resize=350%2C200&ssl=1","width":350,"height":200},"classes":[]},{"id":546,"url":"https:\/\/etiennelang.com\/index.php\/covid-long-et-reishi\/","url_meta":{"origin":510,"position":5},"title":"Covid Long et Reishi","author":"etiennelang","date":"28 d\u00e9cembre 2022","format":false,"excerpt":"S\u00e9rendipit\u00e9 : anglicisme signifiant \"capacit\u00e9, aptitude \u00e0 faire par hasard une d\u00e9couverte inattendue et \u00e0 en saisir l'utilit\u00e9 (scientifique, pratique)\" Dictionnaire le Robert. Une nouvelle pathologie, le Covid long, et une d\u00e9couverte incroyable C'est la fin de l'ann\u00e9e 2020, soit 6 mois apr\u00e8s le premier confinement du au Covid 19,\u2026","rel":"","context":"Article similaire","block_context":{"text":"Article similaire","link":""},"img":{"alt_text":"","src":"","width":0,"height":0},"classes":[]}],"jetpack_sharing_enabled":true,"jetpack_likes_enabled":true,"_links":{"self":[{"href":"https:\/\/etiennelang.com\/index.php\/wp-json\/wp\/v2\/pages\/510","targetHints":{"allow":["GET"]}}],"collection":[{"href":"https:\/\/etiennelang.com\/index.php\/wp-json\/wp\/v2\/pages"}],"about":[{"href":"https:\/\/etiennelang.com\/index.php\/wp-json\/wp\/v2\/types\/page"}],"author":[{"embeddable":true,"href":"https:\/\/etiennelang.com\/index.php\/wp-json\/wp\/v2\/users\/1"}],"replies":[{"embeddable":true,"href":"https:\/\/etiennelang.com\/index.php\/wp-json\/wp\/v2\/comments?post=510"}],"version-history":[{"count":61,"href":"https:\/\/etiennelang.com\/index.php\/wp-json\/wp\/v2\/pages\/510\/revisions"}],"predecessor-version":[{"id":1263,"href":"https:\/\/etiennelang.com\/index.php\/wp-json\/wp\/v2\/pages\/510\/revisions\/1263"}],"wp:attachment":[{"href":"https:\/\/etiennelang.com\/index.php\/wp-json\/wp\/v2\/media?parent=510"}],"curies":[{"name":"wp","href":"https:\/\/api.w.org\/{rel}","templated":true}]}}