{"id":447,"date":"2021-01-08T11:27:01","date_gmt":"2021-01-08T10:27:01","guid":{"rendered":"https:\/\/etiennelang239828278.wordpress.com\/?page_id=8"},"modified":"2026-05-05T10:49:45","modified_gmt":"2026-05-05T08:49:45","slug":"contact","status":"publish","type":"page","link":"https:\/\/etiennelang.com\/index.php\/contact\/","title":{"rendered":"Contact"},"content":{"rendered":"\n<div class=\"wp-block-columns alignwide has-2-columns is-layout-flex wp-container-core-columns-is-layout-9d6595d7 wp-block-columns-is-layout-flex\">\n<div class=\"wp-block-column is-layout-flow wp-block-column-is-layout-flow\">\n<p class=\"has-text-align-left\"><\/p>\n\n\n\n<div class=\"wp-block-jetpack-contact-info\">\n<p>Cabinet d\u2019\u00c9nerg\u00e9tique Traditionnelle Chinoise <br><strong>25 Rue Cabri\u00e9 05600 Mont-Dauphin<\/strong><\/p>\n\n\n\n<p><em>Attention: \u00e0 partir de la mi-juin et jusqu&rsquo;au mois de septembre les deux rues principales sont en zone pi\u00e9tonnes, mais vous pouvez vous garer sur le parking de l&rsquo;Arsenal au bout de ma rue, \u00e0 50 m\u00e8tres du cabinet<\/em>.<br>En hiver la route de Saint Guillaume dite \u00ab\u00a0route des rampes\u00a0\u00bb sur laquelle votre GPS peut malencontreusement vous envoyer est ferm\u00e9e pour cause de neige et verglas, il faut emprunter la route principale du cot\u00e9 Chef Lieu d&rsquo;Eygliers.<br><em>En cas de neige, il est demand\u00e9 de laisser la rue Cabri\u00e9 libre pour le d\u00e9neigement, aussi faudra-t-il se garer sur le parking de l&rsquo;Arsenal au bout de ma rue, \u00e0 50 m\u00e8tres du cabinet<\/em>.<\/p>\n\n\n\n<div class=\"wp-block-jetpack-email\">Les consultation sont uniquement sur rendez-vous.\nLes prises de rendez-vous se font exclusivement par t\u00e9l\u00e9phone lors de la permanence t\u00e9l\u00e9phonique du lundi matin.\nSi vous appelez dans le cadre d&rsquo;un suivi r\u00e9gulier vous pourrez \u00e9galement ma laisser un message t\u00e9l\u00e9phonique \u00e0 tout moment \u00e0 la condition de bien pr\u00e9ciser les jours et les heures ou vous seriez disponible pour votre prochain rendez-vous.<\/div>\n\n\n\n<h4 class=\"wp-block-heading\">Avec la fin du r\u00e9seau cuivre il y a moins d\u2019int\u00e9r\u00eat \u00e0 poss\u00e9der une ligne fixe.<br>Aussi \u00e0 partir du premier septembre 2025 je suis pass\u00e9 sur un t\u00e9l\u00e9phone mobile. <br>Celui-ci me servira \u00e9galement \u00e0 communiquer par texto le cas \u00e9ch\u00e9ant.<\/h4>\n\n\n\n<div class=\"wp-block-jetpack-phone\"><span class=\"phone-prefix\">L&rsquo;ancienne ligne fixe <\/span><a href=\"tel:0492453510\">04 92 45 35 10 n&rsquo;est plus active<\/a><\/div>\n<\/div>\n\n\n\n<p class=\"has-medium-font-size\">Veuillez me joindre sur mon t\u00e9l\u00e9phone mobile au<strong>  06 69 16 22 16<\/strong><\/p>\n\n\n\n<p>Il est possible de m&rsquo;envoyer des documents par email \u00e0 l&rsquo;exception de <strong>toutes demandes de rendez-vous<\/strong> <strong>qui se font exclusivement par t\u00e9l\u00e9phone.<\/strong><br><br>Donc <strong>pour tout autre sujet<\/strong> veuillez utiliser ce formulaire de contact <br><\/p>\n\n\n<style id=\"wpforms-css-vars-1069-block-203a4db6-54e0-47ae-93b6-573ed08425fc\">\n\t\t\t\t#wpforms-1069.wpforms-block-203a4db6-54e0-47ae-93b6-573ed08425fc {\n\t\t\t\t--wpforms-field-size-input-height: 43px;\n--wpforms-field-size-input-spacing: 15px;\n--wpforms-field-size-font-size: 16px;\n--wpforms-field-size-line-height: 19px;\n--wpforms-field-size-padding-h: 14px;\n--wpforms-field-size-checkbox-size: 16px;\n--wpforms-field-size-sublabel-spacing: 5px;\n--wpforms-field-size-icon-size: 1;\n--wpforms-label-size-font-size: 16px;\n--wpforms-label-size-line-height: 19px;\n--wpforms-label-size-sublabel-font-size: 14px;\n--wpforms-label-size-sublabel-line-height: 17px;\n--wpforms-button-size-font-size: 17px;\n--wpforms-button-size-height: 41px;\n--wpforms-button-size-padding-h: 15px;\n--wpforms-button-size-margin-top: 10px;\n\t\t\t}\n\t\t\t<\/style><div class=\"wpforms-container wpforms-container-full wpforms-block wpforms-block-203a4db6-54e0-47ae-93b6-573ed08425fc wpforms-render-modern\" id=\"wpforms-1069\"><form id=\"wpforms-form-1069\" class=\"wpforms-validate wpforms-form wpforms-ajax-form\" data-formid=\"1069\" method=\"post\" enctype=\"multipart\/form-data\" action=\"\/index.php\/wp-json\/wp\/v2\/pages\/447\" data-token=\"8c19c35a4bed32b204ca4a8ed0d8fa0e\" data-token-time=\"1778091665\"><noscript class=\"wpforms-error-noscript\">Veuillez activer JavaScript dans votre navigateur pour remplir ce formulaire.<\/noscript><div id=\"wpforms-error-noscript\" style=\"display: none;\">Veuillez activer JavaScript dans votre navigateur pour remplir ce formulaire.<\/div><div class=\"wpforms-field-container\"><div id=\"wpforms-1069-field_0-container\" class=\"wpforms-field wpforms-field-name\" data-field-id=\"0\"><fieldset><legend class=\"wpforms-field-label\">Nom <span class=\"wpforms-required-label\" aria-hidden=\"true\">*<\/span><\/legend><div class=\"wpforms-field-row wpforms-field-medium\"><div class=\"wpforms-field-row-block wpforms-first wpforms-one-half\"><input type=\"text\" id=\"wpforms-1069-field_0\" class=\"wpforms-field-name-first wpforms-field-required\" name=\"wpforms[fields][0][first]\" aria-errormessage=\"wpforms-1069-field_0-error\" required><label for=\"wpforms-1069-field_0\" class=\"wpforms-field-sublabel after\">Pr\u00e9nom<\/label><\/div><div class=\"wpforms-field-row-block wpforms-one-half\"><input type=\"text\" id=\"wpforms-1069-field_0-last\" class=\"wpforms-field-name-last wpforms-field-required\" name=\"wpforms[fields][0][last]\" aria-errormessage=\"wpforms-1069-field_0-last-error\" required><label for=\"wpforms-1069-field_0-last\" class=\"wpforms-field-sublabel after\">Nom<\/label><\/div><\/div><\/fieldset><\/div><div id=\"wpforms-1069-field_1-container\" class=\"wpforms-field wpforms-field-email\" data-field-id=\"1\"><label class=\"wpforms-field-label\" for=\"wpforms-1069-field_1\">E-mail <span class=\"wpforms-required-label\" aria-hidden=\"true\">*<\/span><\/label><input type=\"email\" id=\"wpforms-1069-field_1\" class=\"wpforms-field-medium wpforms-field-required\" name=\"wpforms[fields][1]\" spellcheck=\"false\" aria-errormessage=\"wpforms-1069-field_1-error\" required><\/div><div id=\"wpforms-1069-field_2-container\" class=\"wpforms-field wpforms-field-textarea\" data-field-id=\"2\"><label class=\"wpforms-field-label\" for=\"wpforms-1069-field_2\">Commentaire ou message<\/label><textarea id=\"wpforms-1069-field_2\" class=\"wpforms-field-medium\" name=\"wpforms[fields][2]\" aria-errormessage=\"wpforms-1069-field_2-error\" ><\/textarea><\/div><\/div><!-- .wpforms-field-container --><div class=\"wpforms-recaptcha-container wpforms-is-recaptcha wpforms-is-recaptcha-type-v2\" ><div class=\"g-recaptcha\" data-sitekey=\"6Lej4IEsAAAAAF2zCpM41EE7ccxtvLWX3h5Ub_JQ\"><\/div><input type=\"text\" name=\"g-recaptcha-hidden\" class=\"wpforms-recaptcha-hidden\" style=\"position:absolute!important;clip:rect(0,0,0,0)!important;height:1px!important;width:1px!important;border:0!important;overflow:hidden!important;padding:0!important;margin:0!important;\" data-rule-recaptcha=\"1\"><\/div><div class=\"wpforms-submit-container\" ><input type=\"hidden\" name=\"wpforms[id]\" value=\"1069\"><input type=\"hidden\" name=\"page_title\" value=\"\"><input type=\"hidden\" name=\"page_url\" value=\"https:\/\/etiennelang.com\/index.php\/wp-json\/wp\/v2\/pages\/447\"><input type=\"hidden\" name=\"url_referer\" value=\"\"><button type=\"submit\" name=\"wpforms[submit]\" id=\"wpforms-submit-1069\" class=\"wpforms-submit\" data-alt-text=\"Envoi...\" data-submit-text=\"Envoyer\" aria-live=\"assertive\" value=\"wpforms-submit\">Envoyer<\/button><img loading=\"lazy\" decoding=\"async\" src=\"https:\/\/etiennelang.com\/wp-content\/plugins\/wpforms-lite\/assets\/images\/submit-spin.svg\" class=\"wpforms-submit-spinner\" style=\"display: none;\" width=\"26\" height=\"26\" alt=\"Chargement en cours\"><\/div><\/form><\/div>  <!-- .wpforms-container -->\n\n\n<p><br><\/p>\n\n\n\n<ul class=\"wp-block-social-links is-layout-flex wp-block-social-links-is-layout-flex\"><li class=\"wp-social-link wp-social-link-facebook  wp-block-social-link\"><a href=\"https:\/\/www.facebook.com\/EtienneLang05\/\" class=\"wp-block-social-link-anchor\"><svg width=\"24\" height=\"24\" viewBox=\"0 0 24 24\" version=\"1.1\" xmlns=\"http:\/\/www.w3.org\/2000\/svg\" aria-hidden=\"true\" focusable=\"false\"><path d=\"M12 2C6.5 2 2 6.5 2 12c0 5 3.7 9.1 8.4 9.9v-7H7.9V12h2.5V9.8c0-2.5 1.5-3.9 3.8-3.9 1.1 0 2.2.2 2.2.2v2.5h-1.3c-1.2 0-1.6.8-1.6 1.6V12h2.8l-.4 2.9h-2.3v7C18.3 21.1 22 17 22 12c0-5.5-4.5-10-10-10z\"><\/path><\/svg><span class=\"wp-block-social-link-label screen-reader-text\">Facebook<\/span><\/a><\/li>\n\n<li class=\"wp-social-link wp-social-link-wordpress  wp-block-social-link\"><a href=\"https:\/\/wordpress.com\" class=\"wp-block-social-link-anchor\"><svg width=\"24\" height=\"24\" viewBox=\"0 0 24 24\" version=\"1.1\" xmlns=\"http:\/\/www.w3.org\/2000\/svg\" aria-hidden=\"true\" focusable=\"false\"><path d=\"M12.158,12.786L9.46,20.625c0.806,0.237,1.657,0.366,2.54,0.366c1.047,0,2.051-0.181,2.986-0.51 c-0.024-0.038-0.046-0.079-0.065-0.124L12.158,12.786z M3.009,12c0,3.559,2.068,6.634,5.067,8.092L3.788,8.341 C3.289,9.459,3.009,10.696,3.009,12z M18.069,11.546c0-1.112-0.399-1.881-0.741-2.48c-0.456-0.741-0.883-1.368-0.883-2.109 c0-0.826,0.627-1.596,1.51-1.596c0.04,0,0.078,0.005,0.116,0.007C16.472,3.904,14.34,3.009,12,3.009 c-3.141,0-5.904,1.612-7.512,4.052c0.211,0.007,0.41,0.011,0.579,0.011c0.94,0,2.396-0.114,2.396-0.114 C7.947,6.93,8.004,7.642,7.52,7.699c0,0-0.487,0.057-1.029,0.085l3.274,9.739l1.968-5.901l-1.401-3.838 C9.848,7.756,9.389,7.699,9.389,7.699C8.904,7.67,8.961,6.93,9.446,6.958c0,0,1.484,0.114,2.368,0.114 c0.94,0,2.397-0.114,2.397-0.114c0.485-0.028,0.542,0.684,0.057,0.741c0,0-0.488,0.057-1.029,0.085l3.249,9.665l0.897-2.996 C17.841,13.284,18.069,12.316,18.069,11.546z M19.889,7.686c0.039,0.286,0.06,0.593,0.06,0.924c0,0.912-0.171,1.938-0.684,3.22 l-2.746,7.94c2.673-1.558,4.47-4.454,4.47-7.771C20.991,10.436,20.591,8.967,19.889,7.686z M12,22C6.486,22,2,17.514,2,12 C2,6.486,6.486,2,12,2c5.514,0,10,4.486,10,10C22,17.514,17.514,22,12,22z\"><\/path><\/svg><span class=\"wp-block-social-link-label screen-reader-text\">WordPress<\/span><\/a><\/li><\/ul>\n<\/div>\n<\/div>\n\n\n\n<p><\/p>\n","protected":false},"excerpt":{"rendered":"<p>Veuillez me joindre sur mon t\u00e9l\u00e9phone mobile au 06 69 16 22 16 Il est possible de m&rsquo;envoyer des documents par email \u00e0 l&rsquo;exception de toutes demandes de rendez-vous qui se font exclusivement par t\u00e9l\u00e9phone. Donc pour tout autre sujet veuillez utiliser ce formulaire de contact<\/p>\n","protected":false},"author":1,"featured_media":0,"parent":0,"menu_order":0,"comment_status":"closed","ping_status":"closed","template":"","meta":{"_monsterinsights_skip_tracking":false,"_monsterinsights_sitenote_active":false,"_monsterinsights_sitenote_note":"","_monsterinsights_sitenote_category":0,"footnotes":""},"class_list":["post-447","page","type-page","status-publish","hentry","post"],"aioseo_notices":[],"jetpack-related-posts":[{"id":510,"url":"https:\/\/etiennelang.com\/","url_meta":{"origin":447,"position":0},"title":"Accueil","author":"etiennelang","date":"3 d\u00e9cembre 2022","format":false,"excerpt":"Actualit\u00e9 Je suis heureux de vous annoncer une bonne nouvelle !Mon \u00e9tat de sant\u00e9 s'\u00e9tant am\u00e9lior\u00e9, je compte reprendre mon activit\u00e9 \u00e0 temps partiel \u00e0 partir de cet \u00e9t\u00e9.Les prises de rendez-vous devraient \u00eatre possibles \u00e0 partir de la mi-juin pour une reprise d\u00e9but juillet.Je tiens \u00e0 renouveler tous mes\u2026","rel":"","context":"Article similaire","block_context":{"text":"Article similaire","link":""},"img":{"alt_text":"","src":"","width":0,"height":0},"classes":[]},{"id":436,"url":"https:\/\/etiennelang.com\/index.php\/a-propos-etienne-lang\/","url_meta":{"origin":447,"position":1},"title":"A propos","author":"etiennelang","date":"28 juillet 2022","format":false,"excerpt":"Mentions l\u00e9gales Etienne Lang25 Rue Cabri\u00e9 05600 Mont-DauphinSiret : 408\u00a0 078 939 00027\u00a0N\u00b0adh\u00e9rent FNMTC : 9906LAPR195\u00ab\u00a0Membre d\u2019une Association Agr\u00e9\u00e9e par l\u2019Administration Fiscale, acceptant \u00e0 ce titre le r\u00e8glement des honoraires par ch\u00e8ques libell\u00e9s \u00e0 son nom\u00a0\u00bbActivit\u00e9 sous le Code NAF\/APE 86.90F (Activit\u00e9s de sant\u00e9 humaine non class\u00e9es ailleurs) Ma formation\u2026","rel":"","context":"Article similaire","block_context":{"text":"Article similaire","link":""},"img":{"alt_text":"","src":"https:\/\/i0.wp.com\/etiennelang.com\/wp-content\/uploads\/2023\/09\/Etienne-portrait-souriant-200.300.jpg?resize=350%2C200&ssl=1","width":350,"height":200},"classes":[]},{"id":527,"url":"https:\/\/etiennelang.com\/index.php\/consult\/","url_meta":{"origin":447,"position":2},"title":"Consultation","author":"etiennelang","date":"3 d\u00e9cembre 2022","format":false,"excerpt":"L\u2019\u00c9nerg\u00e9tique Traditionnelle Chinoise \u00e0 Mont-Dauphin Fort Dipl\u00f4m\u00e9 du coll\u00e8ge SFERE et titulaire du DATC en 2001, c\u2019est en 2006 que j\u2019ai eu la chance de pouvoir installer mon cabinet en ce lieu magnifique, calme et inspirant qu\u2019est la citadelle de Mont-Dauphin. Un vrai lieu de ressourcement et de nature pourtant\u2026","rel":"","context":"Article similaire","block_context":{"text":"Article similaire","link":""},"img":{"alt_text":"Plaque cabinet","src":"https:\/\/i0.wp.com\/etiennelang.com\/wp-content\/uploads\/2021\/01\/plaque-cabinet.jpg?resize=350%2C200&ssl=1","width":350,"height":200},"classes":[]},{"id":546,"url":"https:\/\/etiennelang.com\/index.php\/covid-long-et-reishi\/","url_meta":{"origin":447,"position":3},"title":"Covid Long et Reishi","author":"etiennelang","date":"28 d\u00e9cembre 2022","format":false,"excerpt":"S\u00e9rendipit\u00e9 : anglicisme signifiant \"capacit\u00e9, aptitude \u00e0 faire par hasard une d\u00e9couverte inattendue et \u00e0 en saisir l'utilit\u00e9 (scientifique, pratique)\" Dictionnaire le Robert. Une nouvelle pathologie, le Covid long, et une d\u00e9couverte incroyable C'est la fin de l'ann\u00e9e 2020, soit 6 mois apr\u00e8s le premier confinement du au Covid 19,\u2026","rel":"","context":"Article similaire","block_context":{"text":"Article similaire","link":""},"img":{"alt_text":"","src":"","width":0,"height":0},"classes":[]},{"id":684,"url":"https:\/\/etiennelang.com\/index.php\/les-conferences-ateliers-du-mieux-vivre\/","url_meta":{"origin":447,"position":4},"title":"Les conf\u00e9rences\/ateliers du mieux vivre","author":"etiennelang","date":"4 ao\u00fbt 2023","format":false,"excerpt":"J\u2019ai l\u2019habitude de donner des conf\u00e9rences sur tous les sujets qui me passionnent et sur lesquels j\u2019estime pouvoir transmettre un savoir pratique. En voici un aper\u00e7u... La Gestion des \u00c9motions par les 5 \u00e9l\u00e9ments de la MTC G\u00e9rer honorablement tout les conflits Nous abordons ici la technique de la \u00ab\u00a0lettre\u2026","rel":"","context":"Article similaire","block_context":{"text":"Article similaire","link":""},"img":{"alt_text":"","src":"https:\/\/i0.wp.com\/etiennelang.com\/wp-content\/uploads\/2023\/08\/pexels-dmitriy-tarasenko-17549582-1.jpg?resize=350%2C200&ssl=1","width":350,"height":200},"classes":[]},{"id":185,"url":"https:\/\/etiennelang.com\/index.php\/liens-utiles\/","url_meta":{"origin":447,"position":5},"title":"Liens utiles","author":"etiennelang","date":"16 janvier 2021","format":false,"excerpt":"Energ\u00e9tique et M\u00e9decine Traditionnelle Chinoise : Soci\u00e9t\u00e9 Fran\u00e7aise d'Etude et de recherche en Energ\u00e9tique Coll\u00e8ge SFERE - \u00c9nerg\u00e9tique Traditionnelle Chinoise (sferemtc.fr) F\u00e9d\u00e9ration Nationale de M\u00e9decine Traditionnelle Chinoise https:\/\/www.fnmtc.fr Conf\u00e9d\u00e9ration Fran\u00e7aise de M\u00e9decine Traditionnelle Chinoise CFMTC - Conf\u00e9d\u00e9ration Fran\u00e7aise de M\u00e9decine Traditionnelle Chinoise European Traditional Chinese Medecine Association etcma.org Chen Men\u2026","rel":"","context":"Article similaire","block_context":{"text":"Article similaire","link":""},"img":{"alt_text":"","src":"","width":0,"height":0},"classes":[]}],"jetpack_sharing_enabled":false,"jetpack_likes_enabled":null,"_links":{"self":[{"href":"https:\/\/etiennelang.com\/index.php\/wp-json\/wp\/v2\/pages\/447","targetHints":{"allow":["GET"]}}],"collection":[{"href":"https:\/\/etiennelang.com\/index.php\/wp-json\/wp\/v2\/pages"}],"about":[{"href":"https:\/\/etiennelang.com\/index.php\/wp-json\/wp\/v2\/types\/page"}],"author":[{"embeddable":true,"href":"https:\/\/etiennelang.com\/index.php\/wp-json\/wp\/v2\/users\/1"}],"replies":[{"embeddable":true,"href":"https:\/\/etiennelang.com\/index.php\/wp-json\/wp\/v2\/comments?post=447"}],"version-history":[{"count":17,"href":"https:\/\/etiennelang.com\/index.php\/wp-json\/wp\/v2\/pages\/447\/revisions"}],"predecessor-version":[{"id":1254,"href":"https:\/\/etiennelang.com\/index.php\/wp-json\/wp\/v2\/pages\/447\/revisions\/1254"}],"wp:attachment":[{"href":"https:\/\/etiennelang.com\/index.php\/wp-json\/wp\/v2\/media?parent=447"}],"curies":[{"name":"wp","href":"https:\/\/api.w.org\/{rel}","templated":true}]}}