{"id":436,"date":"2022-07-28T16:30:05","date_gmt":"2022-07-28T14:30:05","guid":{"rendered":"https:\/\/etiennelang.com\/?page_id=436"},"modified":"2026-03-13T18:53:15","modified_gmt":"2026-03-13T17:53:15","slug":"a-propos-etienne-lang","status":"publish","type":"page","link":"https:\/\/etiennelang.com\/index.php\/a-propos-etienne-lang\/","title":{"rendered":"A propos"},"content":{"rendered":"\n<p><\/p>\n\n\n\n<h3 class=\"wp-block-heading has-very-light-gray-to-cyan-bluish-gray-gradient-background has-background\" id=\"mentions-legales\">Mentions l\u00e9gales<\/h3>\n\n\n<div class=\"wp-block-image\">\n<figure class=\"alignleft size-full is-resized\"><img data-recalc-dims=\"1\" loading=\"lazy\" decoding=\"async\" width=\"200\" height=\"300\" src=\"https:\/\/i0.wp.com\/etiennelang.com\/wp-content\/uploads\/2023\/09\/Etienne-portrait-souriant-200.300.jpg?resize=200%2C300&#038;ssl=1\" alt=\"\" class=\"wp-image-739\" style=\"width:138px;height:206px\"\/><\/figure>\n<\/div>\n\n\n<p>Etienne Lang<br>25 Rue Cabri\u00e9 05600 Mont-Dauphin<br>Siret : 408&nbsp; 078 939 00027&nbsp;<br>N\u00b0adh\u00e9rent FNMTC : 9906LAPR195<br>\u00ab&nbsp;Membre d\u2019une Association Agr\u00e9\u00e9e par l\u2019Administration Fiscale, acceptant \u00e0 ce titre le r\u00e8glement des honoraires par ch\u00e8ques libell\u00e9s \u00e0 son nom&nbsp;\u00bb<br>Activit\u00e9 sous le Code NAF\/APE 86.90F <br>(Activit\u00e9s de sant\u00e9 humaine non class\u00e9es ailleurs)<\/p>\n\n\n\n<h3 class=\"wp-block-heading has-background\" id=\"ma-formations\" style=\"background:linear-gradient(281deg,rgb(238,238,238) 0%,rgb(169,184,195) 100%)\">Ma formation<\/h3>\n\n\n\n<p>Dipl\u00f4m\u00e9 de la SFERE (Soci\u00e9t\u00e9 Fran\u00e7aise d\u2019Etude et de Recherche en Energ\u00e9tique) et \u00e0 ce titre membre du REFS (Registre Europ\u00e9en et Fran\u00e7ais des Energ\u00e9ticiens).<\/p>\n\n\n\n<p>Titulaire du DNMTC en 2001 (Dipl\u00f4me National de M\u00e9decine Traditionnelle Chinoise) d\u00e9livr\u00e9 par la FNMTC (F\u00e9d\u00e9ration Nationale de M\u00e9decine Traditionnelle Chinoise) , elle m\u00eame adh\u00e9rente \u00e0 la CFMTC (Conf\u00e9d\u00e9ration Fran\u00e7aise de M\u00e9decine Traditionnelle Chinoise)<\/p>\n\n\n\n<p>Certifi\u00e9 en 2013 de l\u2019\u00e9cole de Psychosomatique Clinique et Humaniste du Dr Salomon Sellam <\/p>\n\n\n\n<h3 class=\"wp-block-heading has-very-light-gray-to-cyan-bluish-gray-gradient-background has-background\" id=\"mon-parcours\">Mon parcours<\/h3>\n\n\n\n<p>Dans ma jeunesse j&rsquo;ai suivi de nombreuses formations et exerc\u00e9 plusieurs m\u00e9tiers, qui ont enrichi ma vie et s\u2019av\u00e8rent encore utiles dans le cadre de la vie courante et de la th\u00e9rapeutique.<\/p>\n\n\n\n<p>J&rsquo;ai suivi un parcours d&rsquo;\u00e9tude assez classique : <br>DUT d\u2019\u00e9lectronique, puis Maitrise en Sciences et Technique en \u00e9lectronique et automatisme (option G\u00e9nie  Biom\u00e9dical), ensuite  DEA en robotique, puis je me suis lanc\u00e9 dans un Doctorat en Intelligence Artificielle (vision par ordinateur). C&rsquo;\u00e9tait passionnant mais je me sentais en d\u00e9calage avec mes valeurs, en particulier lorsque pour terminer ma th\u00e8se la seule chose que l&rsquo;on a trouv\u00e9 \u00e0 me proposer \u00e9tait de robotiser la fabrication de &#8230; mines anti-personnelles !<br>C&rsquo;est l\u00e0, en cherchant \u00e0 me lib\u00e9rer d&rsquo;une anxi\u00e9t\u00e9 chronique avec de la psychoth\u00e9rapie, du yoga, de la relaxation, qu&rsquo;est intervenue la rencontre avec la M\u00e9ditation <a href=\"https:\/\/mahi.dhamma.org\/fr\/\" target=\"_blank\" rel=\"noopener\" title=\"Vipassana\">Vipassana<\/a> qui a chang\u00e9 ma vie.<br><br>Pour r\u00e9aligner mon existence je suis revenu dans les Hautes-Alpes et j&rsquo;ai chang\u00e9 de vie en m&rsquo;appuyant sur quelques activit\u00e9s d\u00e9j\u00e0 pratiqu\u00e9es : musicien, animateur en centre de vacances, enseignant en cours particuliers &#8230;<br>Mon retour \u00e0 la montagne a \u00e9t\u00e9 l&rsquo;occasion de divers travaux saisonniers.<br>Les pratiques \u00ab\u00a0alternatives\u00a0\u00bb m&rsquo;ayant permis de sortir d&rsquo;un gros handicap \u00e0 la marche r\u00e9put\u00e9 incurable je me suis lanc\u00e9 dans la formation au Brevet d\u2019\u00c9tat d&rsquo;Accompagnateur en Montagne puis du Brevet d\u2019animateur de ski de Fond de l&rsquo;ANCEF.<br>Tout en exer\u00e7ant comme \u00e9ducateur sportif (et en compl\u00e9tant en ma\u00e7onnerie et divers autres m\u00e9tiers) , j&rsquo;ai commenc\u00e9 \u00e0 pratiquer l&rsquo;expertise en M\u00e9decine de l&rsquo;Habitat. <br>Il s&rsquo;agissait d&rsquo;abord de G\u00e9obiologie (j&rsquo;avais \u00e9t\u00e9 curieux \u00e0 propos des activit\u00e9s de mon grand p\u00e8re sourcier) , puis de Feng Shui, l&rsquo;art chinois de l&rsquo;habitat.<br><br>Depuis mes premiers soins \u00e0 main nue \u00e0 l&rsquo;\u00e2ge de 19 ans je cherchais de plus en plus s\u00e9rieusement \u00e0 me former, et j&rsquo;ai eu la chance de rencontrer  \u00e0 34 ans l&rsquo;enseignement <a href=\"https:\/\/www.sferemtc.fr\/\" target=\"_blank\" rel=\"noopener\" title=\"d\u2019\u00c9nerg\u00e9tique Traditionnelle Chinoise de la SFERE\">d\u2019\u00c9nerg\u00e9tique Traditionnelle Chinoise de la SFERE<\/a> (qui incluait le Feng-Shui).<br>A la fin de mes \u00e9tudes en MTC j&rsquo;ai ouvert une consultation et au bout de quelques ann\u00e9es j&rsquo;ai du me r\u00e9soudre \u00e0 basculer des m\u00e9tiers de la montagne vers l&rsquo;activit\u00e9 exclusive en cabinet.<br><br>Je m&rsquo;\u00e9tais form\u00e9 \u00e0 de nombreuses pratiques de th\u00e9rapies alternatives, mais la r\u00e9v\u00e9lation a \u00e9t\u00e9 en 2009 la rencontre avec le <strong>docteur Salomon Sellam  <\/strong>et son enseignement en <a href=\"https:\/\/psychosomatique-france.fr\/\" target=\"_blank\" rel=\"noopener\" title=\"Psychosomatique Clinique et Humaniste\">Psychosomatique Clinique et Humaniste<\/a>.<br>Ceci a \u00e9t\u00e9 l&rsquo;outil  me permettant de pratiquer une v\u00e9ritable \u00ab\u00a0th\u00e9rapie du geste et de la parole\u00a0\u00bb.<br><br>A la suite du confinement du au Covid, j&rsquo;ai d\u00e9couvert quasiment par hasard l\u2019int\u00e9r\u00eat du Reishi (Ganoderma Lucidum) dans le traitement du Covid long infectieux. J&rsquo;ai donc cr\u00e9\u00e9 ce site internet pour mettre cette information in\u00e9dite \u00e0 la port\u00e9e du plus grand nombre.<br><br>Par ailleurs au cours de ces ann\u00e9es en cabinet sont venues se cristalliser un grand nombre d&rsquo;observations et  d&rsquo;informations collect\u00e9es depuis mon plus jeune \u00e2ge au sujet de la lat\u00e9ralit\u00e9 et de son incidence sur la sant\u00e9 physique, psychique, relationnelle et les facult\u00e9s d&rsquo;apprentissage.<br>Il m&rsquo;a fallu cr\u00e9er et formaliser le concept <a href=\"https:\/\/etiennelang.com\/index.php\/lateralite\/\" target=\"_blank\" rel=\"noopener\" title=\"d'Analyse du Sch\u00e9ma de Lat\u00e9ralit\u00e9\">d&rsquo;Analyse du Sch\u00e9ma de Lat\u00e9ralit\u00e9<\/a>, que j&rsquo;ai sp\u00e9cialement d\u00e9velopp\u00e9 dans le cadre des troubles des apprentissages et du Haut Potentiel Intellectuel.<br>Cette recherche est d\u00e9sormais publi\u00e9e sur mon site. <br>Les modules de formation et plusieurs ouvrages sont en pr\u00e9paration.<br><br><\/p>\n\n\n\n<h3 class=\"wp-block-heading has-background\" id=\"autres-activites\" style=\"background:linear-gradient(86deg,rgb(238,238,238) 0%,rgb(169,184,195) 100%)\">Autres activit\u00e9s<\/h3>\n\n\n\n<p>J\u2019\u00e9cris \u00e9galement des articles de fond ou d\u2019actualit\u00e9 en rapport avec mon activit\u00e9 de th\u00e9rapeute.<br>Ceux-ci sont publi\u00e9s sur ce site dans la rubrique <a href=\"https:\/\/etiennelang.com\/index.php\/articles\/\" target=\"_blank\" rel=\"noopener\" title=\"&quot;mes articles&quot;\">\u00ab\u00a0mes articles\u00a0\u00bb<\/a> ainsi que dans <strong>la revue trimestrielle de la F\u00e9d\u00e9ration Nationale de M\u00e9decine Traditionnelle Chinoise <\/strong><a href=\"https:\/\/etiennelang.com\/index.php\/articles-dans-le-mtcmag-de-la-fnmtc\/\" target=\"_blank\" rel=\"noopener\" title=\"(MTC Mag)\"><strong>(M<\/strong>TC Mag)<\/a><\/p>\n\n\n\n<p>J&rsquo;ai publi\u00e9 mes observations sur des questions de <strong>M\u00e9decine Traditionnelle Chinoise relative au Covid<\/strong>, en particulier sur la capacit\u00e9 du Reishi \u00e0 combattre le <strong><a href=\"https:\/\/etiennelang.com\/index.php\/covid-long-et-reishi\/\" target=\"_blank\" rel=\"noopener\" title=\"\">Covid long<\/a><\/strong>.<\/p>\n\n\n\n<p>J&rsquo;ai l&rsquo;habitude de donner des<a href=\"https:\/\/etiennelang.com\/index.php\/les-conferences-ateliers-du-mieux-vivre\/\" target=\"_blank\" rel=\"noopener\" title=\" conf\u00e9rences et ateliers\"> conf\u00e9rences et ateliers<\/a> sur tous les sujets qui me passionnent et sur lesquels j&rsquo;estime pouvoir transmettre un savoir pratique.<\/p>\n\n\n<ul class=\"wp-block-page-list\"><li class=\"wp-block-pages-list__item\"><a class=\"wp-block-pages-list__item__link\" href=\"https:\/\/etiennelang.com\/index.php\/a-propos-etienne-lang\/\">A propos<\/a><\/li><li class=\"wp-block-pages-list__item menu-item-home\"><a class=\"wp-block-pages-list__item__link\" href=\"https:\/\/etiennelang.com\/\">Accueil<\/a><\/li><li class=\"wp-block-pages-list__item\"><a class=\"wp-block-pages-list__item__link\" href=\"https:\/\/etiennelang.com\/index.php\/blog\/\">Blog<\/a><\/li><li class=\"wp-block-pages-list__item\"><a class=\"wp-block-pages-list__item__link\" href=\"https:\/\/etiennelang.com\/index.php\/consult\/\">Consultation<\/a><\/li><li class=\"wp-block-pages-list__item\"><a class=\"wp-block-pages-list__item__link\" href=\"https:\/\/etiennelang.com\/index.php\/contact\/\">Contact<\/a><\/li><li class=\"wp-block-pages-list__item\"><a class=\"wp-block-pages-list__item__link\" href=\"https:\/\/etiennelang.com\/index.php\/covid-long-et-reishi\/\">Covid Long et Reishi<\/a><\/li><li class=\"wp-block-pages-list__item\"><a class=\"wp-block-pages-list__item__link\" href=\"https:\/\/etiennelang.com\/index.php\/lateralite\/\">Lat\u00e9ralit\u00e9<\/a><\/li><li class=\"wp-block-pages-list__item\"><a class=\"wp-block-pages-list__item__link\" href=\"https:\/\/etiennelang.com\/index.php\/les-conferences-ateliers-du-mieux-vivre\/\">Les conf\u00e9rences\/ateliers du mieux vivre<\/a><\/li><li class=\"wp-block-pages-list__item\"><a class=\"wp-block-pages-list__item__link\" href=\"https:\/\/etiennelang.com\/index.php\/liens-utiles\/\">Liens utiles<\/a><\/li><li class=\"wp-block-pages-list__item\"><a class=\"wp-block-pages-list__item__link\" href=\"https:\/\/etiennelang.com\/index.php\/articles-dans-le-mtcmag-de-la-fnmtc\/\">MTCmag<\/a><\/li><li class=\"wp-block-pages-list__item\"><a class=\"wp-block-pages-list__item__link\" href=\"https:\/\/etiennelang.com\/index.php\/reseaux-sociaux\/\">R\u00e9seaux sociaux<\/a><\/li><li class=\"wp-block-pages-list__item\"><a class=\"wp-block-pages-list__item__link\" href=\"https:\/\/etiennelang.com\/index.php\/retrouvez-moi-sur-les-reseaux-sociaux\/\">Retrouvez moi sur les r\u00e9seaux sociaux<\/a><\/li><li class=\"wp-block-pages-list__item\"><a class=\"wp-block-pages-list__item__link\" href=\"https:\/\/etiennelang.com\/index.php\/suivez-moi\/\">Suivez moi<\/a><\/li><li class=\"wp-block-pages-list__item\"><a class=\"wp-block-pages-list__item__link\" href=\"https:\/\/etiennelang.com\/index.php\/articles\/\">Tous les articles<\/a><\/li><\/ul>","protected":false},"excerpt":{"rendered":"<p>Mentions l\u00e9gales Etienne Lang25 Rue Cabri\u00e9 05600 Mont-DauphinSiret : 408&nbsp; 078 939 00027&nbsp;N\u00b0adh\u00e9rent FNMTC : 9906LAPR195\u00ab&nbsp;Membre d\u2019une Association Agr\u00e9\u00e9e par l\u2019Administration Fiscale, acceptant \u00e0 ce titre le r\u00e8glement des honoraires par ch\u00e8ques libell\u00e9s \u00e0 son nom&nbsp;\u00bbActivit\u00e9 sous le Code NAF\/APE 86.90F (Activit\u00e9s de sant\u00e9 humaine non class\u00e9es ailleurs) Ma formation Dipl\u00f4m\u00e9 de la SFERE (Soci\u00e9t\u00e9 [&hellip;]<\/p>\n","protected":false},"author":1,"featured_media":0,"parent":0,"menu_order":0,"comment_status":"closed","ping_status":"closed","template":"","meta":{"_monsterinsights_skip_tracking":false,"_monsterinsights_sitenote_active":false,"_monsterinsights_sitenote_note":"","_monsterinsights_sitenote_category":0,"footnotes":""},"class_list":["post-436","page","type-page","status-publish","hentry","post"],"aioseo_notices":[],"jetpack-related-posts":[{"id":546,"url":"https:\/\/etiennelang.com\/index.php\/covid-long-et-reishi\/","url_meta":{"origin":436,"position":0},"title":"Covid Long et Reishi","author":"etiennelang","date":"28 d\u00e9cembre 2022","format":false,"excerpt":"S\u00e9rendipit\u00e9 : anglicisme signifiant \"capacit\u00e9, aptitude \u00e0 faire par hasard une d\u00e9couverte inattendue et \u00e0 en saisir l'utilit\u00e9 (scientifique, pratique)\" Dictionnaire le Robert. Une nouvelle pathologie, le Covid long, et une d\u00e9couverte incroyable C'est la fin de l'ann\u00e9e 2020, soit 6 mois apr\u00e8s le premier confinement du au Covid 19,\u2026","rel":"","context":"Article similaire","block_context":{"text":"Article similaire","link":""},"img":{"alt_text":"","src":"","width":0,"height":0},"classes":[]},{"id":510,"url":"https:\/\/etiennelang.com\/","url_meta":{"origin":436,"position":1},"title":"Accueil","author":"etiennelang","date":"3 d\u00e9cembre 2022","format":false,"excerpt":"Actualit\u00e9 Je suis heureux de vous annoncer une bonne nouvelle !Mon \u00e9tat de sant\u00e9 s'\u00e9tant am\u00e9lior\u00e9, je compte reprendre mon activit\u00e9 \u00e0 temps partiel \u00e0 partir de cet \u00e9t\u00e9.Les prises de rendez-vous devraient \u00eatre possibles \u00e0 partir de la mi-juin pour une reprise d\u00e9but juillet.Je tiens \u00e0 renouveler tous mes\u2026","rel":"","context":"Article similaire","block_context":{"text":"Article similaire","link":""},"img":{"alt_text":"","src":"","width":0,"height":0},"classes":[]},{"id":684,"url":"https:\/\/etiennelang.com\/index.php\/les-conferences-ateliers-du-mieux-vivre\/","url_meta":{"origin":436,"position":2},"title":"Les conf\u00e9rences\/ateliers du mieux vivre","author":"etiennelang","date":"4 ao\u00fbt 2023","format":false,"excerpt":"J\u2019ai l\u2019habitude de donner des conf\u00e9rences sur tous les sujets qui me passionnent et sur lesquels j\u2019estime pouvoir transmettre un savoir pratique. En voici un aper\u00e7u... La Gestion des \u00c9motions par les 5 \u00e9l\u00e9ments de la MTC G\u00e9rer honorablement tout les conflits Nous abordons ici la technique de la \u00ab\u00a0lettre\u2026","rel":"","context":"Article similaire","block_context":{"text":"Article similaire","link":""},"img":{"alt_text":"","src":"https:\/\/i0.wp.com\/etiennelang.com\/wp-content\/uploads\/2023\/08\/pexels-dmitriy-tarasenko-17549582-1.jpg?resize=350%2C200&ssl=1","width":350,"height":200},"classes":[]},{"id":527,"url":"https:\/\/etiennelang.com\/index.php\/consult\/","url_meta":{"origin":436,"position":3},"title":"Consultation","author":"etiennelang","date":"3 d\u00e9cembre 2022","format":false,"excerpt":"L\u2019\u00c9nerg\u00e9tique Traditionnelle Chinoise \u00e0 Mont-Dauphin Fort Dipl\u00f4m\u00e9 du coll\u00e8ge SFERE et titulaire du DATC en 2001, c\u2019est en 2006 que j\u2019ai eu la chance de pouvoir installer mon cabinet en ce lieu magnifique, calme et inspirant qu\u2019est la citadelle de Mont-Dauphin. Un vrai lieu de ressourcement et de nature pourtant\u2026","rel":"","context":"Article similaire","block_context":{"text":"Article similaire","link":""},"img":{"alt_text":"Plaque cabinet","src":"https:\/\/i0.wp.com\/etiennelang.com\/wp-content\/uploads\/2021\/01\/plaque-cabinet.jpg?resize=350%2C200&ssl=1","width":350,"height":200},"classes":[]},{"id":447,"url":"https:\/\/etiennelang.com\/index.php\/contact\/","url_meta":{"origin":436,"position":4},"title":"Contact","author":"etiennelang","date":"8 janvier 2021","format":false,"excerpt":"Cabinet d\u2019\u00c9nerg\u00e9tique Traditionnelle Chinoise 25 Rue Cabri\u00e9 05600 Mont-Dauphin Attention: \u00e0 partir de la mi-juin et jusqu'au mois de septembre les deux rues principales sont en zone pi\u00e9tonnes, mais vous pouvez vous garer sur le parking de l'Arsenal au bout de ma rue, \u00e0 50 m\u00e8tres du cabinet.En hiver la\u2026","rel":"","context":"Article similaire","block_context":{"text":"Article similaire","link":""},"img":{"alt_text":"","src":"","width":0,"height":0},"classes":[]}],"jetpack_sharing_enabled":true,"jetpack_likes_enabled":true,"_links":{"self":[{"href":"https:\/\/etiennelang.com\/index.php\/wp-json\/wp\/v2\/pages\/436","targetHints":{"allow":["GET"]}}],"collection":[{"href":"https:\/\/etiennelang.com\/index.php\/wp-json\/wp\/v2\/pages"}],"about":[{"href":"https:\/\/etiennelang.com\/index.php\/wp-json\/wp\/v2\/types\/page"}],"author":[{"embeddable":true,"href":"https:\/\/etiennelang.com\/index.php\/wp-json\/wp\/v2\/users\/1"}],"replies":[{"embeddable":true,"href":"https:\/\/etiennelang.com\/index.php\/wp-json\/wp\/v2\/comments?post=436"}],"version-history":[{"count":20,"href":"https:\/\/etiennelang.com\/index.php\/wp-json\/wp\/v2\/pages\/436\/revisions"}],"predecessor-version":[{"id":1118,"href":"https:\/\/etiennelang.com\/index.php\/wp-json\/wp\/v2\/pages\/436\/revisions\/1118"}],"wp:attachment":[{"href":"https:\/\/etiennelang.com\/index.php\/wp-json\/wp\/v2\/media?parent=436"}],"curies":[{"name":"wp","href":"https:\/\/api.w.org\/{rel}","templated":true}]}}