{"id":185,"date":"2021-01-16T13:06:22","date_gmt":"2021-01-16T12:06:22","guid":{"rendered":"https:\/\/etiennelang239828278.wordpress.com\/?page_id=185"},"modified":"2021-01-16T13:06:22","modified_gmt":"2021-01-16T12:06:22","slug":"liens-utiles","status":"publish","type":"page","link":"https:\/\/etiennelang.com\/index.php\/liens-utiles\/","title":{"rendered":"Liens utiles"},"content":{"rendered":"\n<h6 class=\"has-text-align-center wp-block-heading\">Energ\u00e9tique et M\u00e9decine Traditionnelle Chinoise :<\/h6>\n\n\n\n<p>Soci\u00e9t\u00e9 Fran\u00e7aise d&rsquo;Etude et de recherche en Energ\u00e9tique  <a href=\"https:\/\/www.sferemtc.fr\/\">Coll\u00e8ge SFERE &#8211; \u00c9nerg\u00e9tique Traditionnelle Chinoise (sferemtc.fr)<\/a><\/p>\n\n\n\n<p>F\u00e9d\u00e9ration Nationale de M\u00e9decine Traditionnelle Chinoise <a href=\"https:\/\/www.fnmtc.fr\/\">https:\/\/www.fnmtc.fr<\/a><\/p>\n\n\n\n<p>Conf\u00e9d\u00e9ration Fran\u00e7aise de M\u00e9decine Traditionnelle Chinoise  <a href=\"https:\/\/www.cfmtc.fr\/fr\/\">CFMTC &#8211; Conf\u00e9d\u00e9ration Fran\u00e7aise de M\u00e9decine Traditionnelle Chinoise<\/a><\/p>\n\n\n\n<p>European Traditional Chinese Medecine Association  <a href=\"https:\/\/www.etcma.org\/\">etcma.org<\/a><\/p>\n\n\n\n<p>Chen Men le portail de la Chine   <a href=\"https:\/\/www.chenmen.fr\/\">Chenmen &#8211; Le Portail de la Chine Traditionnelle<\/a><\/p>\n\n\n\n<p>Le journal de la MTC    <a href=\"https:\/\/www.fnmtc.fr\/mtc-mag-les-numeros-parus\/\">MTC MAG \u2013 Les Num\u00e9ros Parus (fnmtc.fr)<\/a><\/p>\n\n\n\n<p>Parler le chinois   <a href=\"https:\/\/parler-le-chinois.com\/\">parler le chinois &#8211; le chinois, c&rsquo;est pas du chinois (parler-le-chinois.com)<\/a><\/p>\n\n\n\n<h6 class=\"has-text-align-center wp-block-heading\">Psychosomatique Clinique<\/h6>\n\n\n\n<p>Institut de Psychosomatique Clinique et Humaniste        <a href=\"https:\/\/psychosomatique-france.fr\/\">IPCH FRANCE (psychosomatique-france.fr)<\/a><\/p>\n\n\n\n<p>Edition Berangel     <a href=\"https:\/\/www.berangel.com\/\">Livres \u2013 Les \u00e9ditions B\u00e9rangel (berangel.com)<\/a><\/p>\n\n\n\n<h6 class=\"has-text-align-center wp-block-heading\">Apprentissages et \u00e9ducation<\/h6>\n\n\n\n<p>Mouvement et apprentissage   <a href=\"https:\/\/mouvement-et-apprentissage.net\/\">mouvement-et-apprentissage.net<\/a><\/p>\n\n\n\n<p>Les lois naturelles de l&rsquo;enfant   <a href=\"https:\/\/www.celinealvarez.org\/\">Les lois naturelles de l\u2019enfant (celinealvarez.org)<\/a><\/p>\n\n\n\n<p><\/p>\n","protected":false},"excerpt":{"rendered":"<p>Energ\u00e9tique et M\u00e9decine Traditionnelle Chinoise : Soci\u00e9t\u00e9 Fran\u00e7aise d&rsquo;Etude et de recherche en Energ\u00e9tique Coll\u00e8ge SFERE &#8211; \u00c9nerg\u00e9tique Traditionnelle Chinoise (sferemtc.fr) F\u00e9d\u00e9ration Nationale de M\u00e9decine Traditionnelle Chinoise https:\/\/www.fnmtc.fr Conf\u00e9d\u00e9ration Fran\u00e7aise de M\u00e9decine Traditionnelle Chinoise CFMTC &#8211; Conf\u00e9d\u00e9ration Fran\u00e7aise de M\u00e9decine Traditionnelle Chinoise European Traditional Chinese Medecine Association etcma.org Chen Men le portail de la Chine [&hellip;]<\/p>\n","protected":false},"author":1,"featured_media":0,"parent":0,"menu_order":0,"comment_status":"closed","ping_status":"closed","template":"","meta":{"_monsterinsights_skip_tracking":false,"_monsterinsights_sitenote_active":false,"_monsterinsights_sitenote_note":"","_monsterinsights_sitenote_category":0,"footnotes":""},"class_list":["post-185","page","type-page","status-publish","hentry","post"],"aioseo_notices":[],"jetpack-related-posts":[{"id":436,"url":"https:\/\/etiennelang.com\/index.php\/a-propos-etienne-lang\/","url_meta":{"origin":185,"position":0},"title":"A propos","author":"etiennelang","date":"28 juillet 2022","format":false,"excerpt":"Mentions l\u00e9gales Etienne Lang25 Rue Cabri\u00e9 05600 Mont-DauphinSiret : 408\u00a0 078 939 00027\u00a0N\u00b0adh\u00e9rent FNMTC : 9906LAPR195\u00ab\u00a0Membre d\u2019une Association Agr\u00e9\u00e9e par l\u2019Administration Fiscale, acceptant \u00e0 ce titre le r\u00e8glement des honoraires par ch\u00e8ques libell\u00e9s \u00e0 son nom\u00a0\u00bbActivit\u00e9 sous le Code NAF\/APE 86.90F (Activit\u00e9s de sant\u00e9 humaine non class\u00e9es ailleurs) Ma formation\u2026","rel":"","context":"Article similaire","block_context":{"text":"Article similaire","link":""},"img":{"alt_text":"","src":"https:\/\/i0.wp.com\/etiennelang.com\/wp-content\/uploads\/2023\/09\/Etienne-portrait-souriant-200.300.jpg?resize=350%2C200&ssl=1","width":350,"height":200},"classes":[]},{"id":527,"url":"https:\/\/etiennelang.com\/index.php\/consult\/","url_meta":{"origin":185,"position":1},"title":"Consultation","author":"etiennelang","date":"3 d\u00e9cembre 2022","format":false,"excerpt":"L\u2019\u00c9nerg\u00e9tique Traditionnelle Chinoise \u00e0 Mont-Dauphin Fort Dipl\u00f4m\u00e9 du coll\u00e8ge SFERE et titulaire du DATC en 2001, c\u2019est en 2006 que j\u2019ai eu la chance de pouvoir installer mon cabinet en ce lieu magnifique, calme et inspirant qu\u2019est la citadelle de Mont-Dauphin. Un vrai lieu de ressourcement et de nature pourtant\u2026","rel":"","context":"Article similaire","block_context":{"text":"Article similaire","link":""},"img":{"alt_text":"Plaque cabinet","src":"https:\/\/i0.wp.com\/etiennelang.com\/wp-content\/uploads\/2021\/01\/plaque-cabinet.jpg?resize=350%2C200&ssl=1","width":350,"height":200},"classes":[]},{"id":495,"url":"https:\/\/etiennelang.com\/index.php\/articles-dans-le-mtcmag-de-la-fnmtc\/","url_meta":{"origin":185,"position":2},"title":"MTCmag","author":"etiennelang","date":"28 juillet 2022","format":false,"excerpt":"Je publie r\u00e9guli\u00e8rement dans le MTCmag, la revue trimestrielle de la F\u00e9d\u00e9ration Nationale de M\u00e9decine Traditionnelle Chinoise que vous pourrez consulter sur Calam\u00e9o en cliquant sur le bouton MTCMag ou en acc\u00e9dant directement au th\u00e8me d\u00e9sir\u00e9 en cliquant sur ces liens : L'interstitium \"et si c\u2019\u00e9tait la Rate ?\" MTCMag\u2026","rel":"","context":"Article similaire","block_context":{"text":"Article similaire","link":""},"img":{"alt_text":"","src":"","width":0,"height":0},"classes":[]},{"id":546,"url":"https:\/\/etiennelang.com\/index.php\/covid-long-et-reishi\/","url_meta":{"origin":185,"position":3},"title":"Covid Long et Reishi","author":"etiennelang","date":"28 d\u00e9cembre 2022","format":false,"excerpt":"S\u00e9rendipit\u00e9 : anglicisme signifiant \"capacit\u00e9, aptitude \u00e0 faire par hasard une d\u00e9couverte inattendue et \u00e0 en saisir l'utilit\u00e9 (scientifique, pratique)\" Dictionnaire le Robert. Une nouvelle pathologie, le Covid long, et une d\u00e9couverte incroyable C'est la fin de l'ann\u00e9e 2020, soit 6 mois apr\u00e8s le premier confinement du au Covid 19,\u2026","rel":"","context":"Article similaire","block_context":{"text":"Article similaire","link":""},"img":{"alt_text":"","src":"","width":0,"height":0},"classes":[]},{"id":684,"url":"https:\/\/etiennelang.com\/index.php\/les-conferences-ateliers-du-mieux-vivre\/","url_meta":{"origin":185,"position":4},"title":"Les conf\u00e9rences\/ateliers du mieux vivre","author":"etiennelang","date":"4 ao\u00fbt 2023","format":false,"excerpt":"J\u2019ai l\u2019habitude de donner des conf\u00e9rences sur tous les sujets qui me passionnent et sur lesquels j\u2019estime pouvoir transmettre un savoir pratique. En voici un aper\u00e7u... La Gestion des \u00c9motions par les 5 \u00e9l\u00e9ments de la MTC G\u00e9rer honorablement tout les conflits Nous abordons ici la technique de la \u00ab\u00a0lettre\u2026","rel":"","context":"Article similaire","block_context":{"text":"Article similaire","link":""},"img":{"alt_text":"","src":"https:\/\/i0.wp.com\/etiennelang.com\/wp-content\/uploads\/2023\/08\/pexels-dmitriy-tarasenko-17549582-1.jpg?resize=350%2C200&ssl=1","width":350,"height":200},"classes":[]},{"id":447,"url":"https:\/\/etiennelang.com\/index.php\/contact\/","url_meta":{"origin":185,"position":5},"title":"Contact","author":"etiennelang","date":"8 janvier 2021","format":false,"excerpt":"Cabinet d\u2019\u00c9nerg\u00e9tique Traditionnelle Chinoise 25 Rue Cabri\u00e9 05600 Mont-Dauphin Attention: \u00e0 partir de la mi-juin et jusqu'au mois de septembre les deux rues principales sont en zone pi\u00e9tonnes, mais vous pouvez vous garer sur le parking de l'Arsenal au bout de ma rue, \u00e0 50 m\u00e8tres du cabinet.En hiver la\u2026","rel":"","context":"Article similaire","block_context":{"text":"Article similaire","link":""},"img":{"alt_text":"","src":"","width":0,"height":0},"classes":[]}],"jetpack_sharing_enabled":true,"jetpack_likes_enabled":true,"_links":{"self":[{"href":"https:\/\/etiennelang.com\/index.php\/wp-json\/wp\/v2\/pages\/185","targetHints":{"allow":["GET"]}}],"collection":[{"href":"https:\/\/etiennelang.com\/index.php\/wp-json\/wp\/v2\/pages"}],"about":[{"href":"https:\/\/etiennelang.com\/index.php\/wp-json\/wp\/v2\/types\/page"}],"author":[{"embeddable":true,"href":"https:\/\/etiennelang.com\/index.php\/wp-json\/wp\/v2\/users\/1"}],"replies":[{"embeddable":true,"href":"https:\/\/etiennelang.com\/index.php\/wp-json\/wp\/v2\/comments?post=185"}],"version-history":[{"count":0,"href":"https:\/\/etiennelang.com\/index.php\/wp-json\/wp\/v2\/pages\/185\/revisions"}],"wp:attachment":[{"href":"https:\/\/etiennelang.com\/index.php\/wp-json\/wp\/v2\/media?parent=185"}],"curies":[{"name":"wp","href":"https:\/\/api.w.org\/{rel}","templated":true}]}}