{"id":1214,"date":"2026-03-14T12:44:28","date_gmt":"2026-03-14T11:44:28","guid":{"rendered":"https:\/\/etiennelang.com\/?page_id=1214"},"modified":"2026-03-14T12:44:33","modified_gmt":"2026-03-14T11:44:33","slug":"retrouvez-moi-sur-les-reseaux-sociaux","status":"publish","type":"page","link":"https:\/\/etiennelang.com\/index.php\/retrouvez-moi-sur-les-reseaux-sociaux\/","title":{"rendered":"Retrouvez moi sur les r\u00e9seaux sociaux"},"content":{"rendered":"<p>[wp_social_ninja id=\u00a0\u00bb1213&Prime; platform=\u00a0\u00bbfacebook_feed\u00a0\u00bb]<\/p>\n\n\n\n<p><\/p>\n","protected":false},"excerpt":{"rendered":"","protected":false},"author":1,"featured_media":0,"parent":0,"menu_order":0,"comment_status":"closed","ping_status":"closed","template":"","meta":{"_monsterinsights_skip_tracking":false,"_monsterinsights_sitenote_active":false,"_monsterinsights_sitenote_note":"","_monsterinsights_sitenote_category":0,"footnotes":""},"class_list":["post-1214","page","type-page","status-publish","hentry","post"],"aioseo_notices":[],"jetpack-related-posts":[{"id":510,"url":"https:\/\/etiennelang.com\/","url_meta":{"origin":1214,"position":0},"title":"Accueil","author":"etiennelang","date":"3 d\u00e9cembre 2022","format":false,"excerpt":"Actualit\u00e9 Attention : changement de num\u00e9ro de t\u00e9l\u00e9phone.Avec la fin du r\u00e9seau cuivre la ligne fixe n'avait plus le m\u00eame int\u00e9r\u00eat.D\u00e9sormais la ligne fixe 04 92 45 35 10 n'est plus activeDepuis le premier septembre 2025 il faut composer le 06 69 16 22 16Plus d'infos :https:\/\/etiennelang.com\/index.php\/contact\/ Note : l'activit\u00e9\u2026","rel":"","context":"Article similaire","block_context":{"text":"Article similaire","link":""},"img":{"alt_text":"","src":"","width":0,"height":0},"classes":[]},{"id":1202,"url":"https:\/\/etiennelang.com\/index.php\/reseaux-sociaux\/","url_meta":{"origin":1214,"position":1},"title":"R\u00e9seaux sociaux","author":"etiennelang","date":"13 mars 2026","format":false,"excerpt":"https:\/\/www.facebook.com\/EtienneLangMontDauphin\/posts\/pfbid0pj1SXKhTiF6H6YeMbJQGGbDnacUhhbsifSKBCUpdWkuHGcy8E6xUSfqyxv9X4tPzl?__cft__[0]=AZbG8C-GNbioRt-JQTr_-9aTuBkAFV4Gn0AmU_2ORaF6Bq9rXX0G9Is_1K5W5AbkQ983vqOK1amD7Bcszt4iTRzGkVGt8MfFo2VSTfoIK4Qoq3OHuKxCdn5WwAkxfFO_lwgH9ZGD640b6mmvbNybmHTzgCEjG_6Co2OnASv-maoFNy4T6pvWQg7gBEUJPlSqYLB_59F3QI1gZRTZMMCP4pnU&__tn__=%2CO%2CP-R","rel":"","context":"Article similaire","block_context":{"text":"Article similaire","link":""},"img":{"alt_text":"","src":"","width":0,"height":0},"classes":[]},{"id":495,"url":"https:\/\/etiennelang.com\/index.php\/articles-dans-le-mtcmag-de-la-fnmtc\/","url_meta":{"origin":1214,"position":2},"title":"MTCmag","author":"etiennelang","date":"28 juillet 2022","format":false,"excerpt":"Je publie r\u00e9guli\u00e8rement dans le MTCmag, la revue trimestrielle de la F\u00e9d\u00e9ration Nationale de M\u00e9decine Traditionnelle Chinoise que vous pourrez consulter sur Calam\u00e9o en cliquant sur le bouton MTCMag ou en acc\u00e9dant directement au th\u00e8me d\u00e9sir\u00e9 en cliquant sur ces liens : L'interstitium \"et si c\u2019\u00e9tait la Rate ?\" MTCMag\u2026","rel":"","context":"Article similaire","block_context":{"text":"Article similaire","link":""},"img":{"alt_text":"","src":"","width":0,"height":0},"classes":[]},{"id":447,"url":"https:\/\/etiennelang.com\/index.php\/contact\/","url_meta":{"origin":1214,"position":3},"title":"Contact","author":"etiennelang","date":"8 janvier 2021","format":false,"excerpt":"Cabinet d\u2019\u00c9nerg\u00e9tique Traditionnelle Chinoise 25 Rue Cabri\u00e9 05600 Mont-Dauphin Attention: \u00e0 partir de la mi-juin et jusqu'au mois de septembre les deux rues principales sont en zone pi\u00e9tonnes, mais vous pouvez vous garer sur le parking de l'Arsenal au bout de ma rue, \u00e0 50 m\u00e8tres du cabinet.En hiver la\u2026","rel":"","context":"Article similaire","block_context":{"text":"Article similaire","link":""},"img":{"alt_text":"","src":"","width":0,"height":0},"classes":[]},{"id":527,"url":"https:\/\/etiennelang.com\/index.php\/consult\/","url_meta":{"origin":1214,"position":4},"title":"Consultation","author":"etiennelang","date":"3 d\u00e9cembre 2022","format":false,"excerpt":"L\u2019\u00c9nerg\u00e9tique Traditionnelle Chinoise \u00e0 Mont-Dauphin Fort Dipl\u00f4m\u00e9 du coll\u00e8ge SFERE et titulaire du DATC en 2001, c\u2019est en 2006 que j\u2019ai eu la chance de pouvoir installer mon cabinet en ce lieu magnifique, calme et inspirant qu\u2019est la citadelle de Mont-Dauphin. Un vrai lieu de ressourcement et de nature pourtant\u2026","rel":"","context":"Article similaire","block_context":{"text":"Article similaire","link":""},"img":{"alt_text":"Plaque cabinet","src":"https:\/\/i0.wp.com\/etiennelang.com\/wp-content\/uploads\/2021\/01\/plaque-cabinet.jpg?resize=350%2C200&ssl=1","width":350,"height":200},"classes":[]}],"jetpack_sharing_enabled":true,"jetpack_likes_enabled":true,"_links":{"self":[{"href":"https:\/\/etiennelang.com\/index.php\/wp-json\/wp\/v2\/pages\/1214","targetHints":{"allow":["GET"]}}],"collection":[{"href":"https:\/\/etiennelang.com\/index.php\/wp-json\/wp\/v2\/pages"}],"about":[{"href":"https:\/\/etiennelang.com\/index.php\/wp-json\/wp\/v2\/types\/page"}],"author":[{"embeddable":true,"href":"https:\/\/etiennelang.com\/index.php\/wp-json\/wp\/v2\/users\/1"}],"replies":[{"embeddable":true,"href":"https:\/\/etiennelang.com\/index.php\/wp-json\/wp\/v2\/comments?post=1214"}],"version-history":[{"count":1,"href":"https:\/\/etiennelang.com\/index.php\/wp-json\/wp\/v2\/pages\/1214\/revisions"}],"predecessor-version":[{"id":1215,"href":"https:\/\/etiennelang.com\/index.php\/wp-json\/wp\/v2\/pages\/1214\/revisions\/1215"}],"wp:attachment":[{"href":"https:\/\/etiennelang.com\/index.php\/wp-json\/wp\/v2\/media?parent=1214"}],"curies":[{"name":"wp","href":"https:\/\/api.w.org\/{rel}","templated":true}]}}