{"id":1054,"date":"2024-03-10T12:56:06","date_gmt":"2024-03-10T11:56:06","guid":{"rendered":"https:\/\/etiennelang.com\/?page_id=1054"},"modified":"2026-05-06T08:33:07","modified_gmt":"2026-05-06T06:33:07","slug":"lateralite","status":"publish","type":"page","link":"https:\/\/etiennelang.com\/index.php\/lateralite\/","title":{"rendered":"Lat\u00e9ralit\u00e9"},"content":{"rendered":"\n<h2 class=\"wp-block-heading has-text-align-center has-luminous-vivid-orange-color has-very-light-gray-to-cyan-bluish-gray-gradient-background has-text-color has-background has-link-color wp-elements-15f84e7e1d20d1fa5b3e1702811ad986\">Gauchers, droitiers mixtes et ambidextres n&rsquo;apprennent pas de la m\u00eame fa\u00e7on<br>Ils <a href=\"https:\/\/schema-de-lateralite.etiennelang.com\/\" target=\"_blank\" rel=\"noopener\" title=\"\">n&rsquo;ont pas les m\u00eame talents et motivations<br><br><br><strong>Pour en savoir plus sur l&rsquo;Analyse du Sch\u00e9ma de Lat\u00e9ralit\u00e9<br><br>Cliquez ici <\/strong><\/a><\/h2>\n","protected":false},"excerpt":{"rendered":"<p>Gauchers, droitiers mixtes et ambidextres n&rsquo;apprennent pas de la m\u00eame fa\u00e7onIls n&rsquo;ont pas les m\u00eame talents et motivations Pour en savoir plus sur l&rsquo;Analyse du Sch\u00e9ma de Lat\u00e9ralit\u00e9 Cliquez ici<\/p>\n","protected":false},"author":1,"featured_media":0,"parent":0,"menu_order":0,"comment_status":"closed","ping_status":"closed","template":"","meta":{"_monsterinsights_skip_tracking":false,"_monsterinsights_sitenote_active":false,"_monsterinsights_sitenote_note":"","_monsterinsights_sitenote_category":0,"footnotes":""},"class_list":["post-1054","page","type-page","status-publish","hentry","post"],"aioseo_notices":[],"jetpack-related-posts":[{"id":510,"url":"https:\/\/etiennelang.com\/","url_meta":{"origin":1054,"position":0},"title":"Accueil","author":"etiennelang","date":"3 d\u00e9cembre 2022","format":false,"excerpt":"Actualit\u00e9 Je suis heureux de vous annoncer une bonne nouvelle !Mon \u00e9tat de sant\u00e9 s'\u00e9tant am\u00e9lior\u00e9, je compte reprendre mon activit\u00e9 \u00e0 temps partiel \u00e0 partir de cet \u00e9t\u00e9.Les prises de rendez-vous devraient \u00eatre possibles \u00e0 partir de la mi-juin pour une reprise d\u00e9but juillet.Je tiens \u00e0 renouveler tous mes\u2026","rel":"","context":"Article similaire","block_context":{"text":"Article similaire","link":""},"img":{"alt_text":"","src":"","width":0,"height":0},"classes":[]}],"jetpack_sharing_enabled":true,"jetpack_likes_enabled":true,"_links":{"self":[{"href":"https:\/\/etiennelang.com\/index.php\/wp-json\/wp\/v2\/pages\/1054","targetHints":{"allow":["GET"]}}],"collection":[{"href":"https:\/\/etiennelang.com\/index.php\/wp-json\/wp\/v2\/pages"}],"about":[{"href":"https:\/\/etiennelang.com\/index.php\/wp-json\/wp\/v2\/types\/page"}],"author":[{"embeddable":true,"href":"https:\/\/etiennelang.com\/index.php\/wp-json\/wp\/v2\/users\/1"}],"replies":[{"embeddable":true,"href":"https:\/\/etiennelang.com\/index.php\/wp-json\/wp\/v2\/comments?post=1054"}],"version-history":[{"count":2,"href":"https:\/\/etiennelang.com\/index.php\/wp-json\/wp\/v2\/pages\/1054\/revisions"}],"predecessor-version":[{"id":1265,"href":"https:\/\/etiennelang.com\/index.php\/wp-json\/wp\/v2\/pages\/1054\/revisions\/1265"}],"wp:attachment":[{"href":"https:\/\/etiennelang.com\/index.php\/wp-json\/wp\/v2\/media?parent=1054"}],"curies":[{"name":"wp","href":"https:\/\/api.w.org\/{rel}","templated":true}]}}